{"id":3,"date":"2025-05-23T17:25:17","date_gmt":"2025-05-23T15:25:17","guid":{"rendered":"https:\/\/karolowydwor.pl\/?page_id=3"},"modified":"2026-01-07T20:23:58","modified_gmt":"2026-01-07T19:23:58","slug":"polityka-prywatnosci","status":"publish","type":"page","link":"https:\/\/karolowydwor.pl\/cs\/polityka-prywatnosci\/","title":{"rendered":"Z\u00e1sady ochrany osobn\u00edch \u00fadaj\u016f"},"content":{"rendered":"<div data-elementor-type=\"wp-page\" data-elementor-id=\"3\" class=\"elementor elementor-3\" data-elementor-post-type=\"page\">\n\t\t\t\t<div class=\"elementor-element elementor-element-f18e23a e-flex e-con-boxed e-con e-parent\" data-id=\"f18e23a\" data-element_type=\"container\" data-settings=\"{&quot;background_background&quot;:&quot;classic&quot;}\">\n\t\t\t\t\t<div class=\"e-con-inner\">\n\t\t<div class=\"elementor-element elementor-element-2ad194e e-con-full e-flex e-con e-child\" data-id=\"2ad194e\" data-element_type=\"container\">\n\t\t<div class=\"elementor-element elementor-element-88840ea e-con-full e-flex elementor-invisible e-con e-child\" data-id=\"88840ea\" data-element_type=\"container\" data-settings=\"{&quot;animation&quot;:&quot;fadeInLeft&quot;}\">\n\t\t\t\t<div class=\"elementor-element elementor-element-600f2b8 elementor-widget elementor-widget-elementskit-heading\" data-id=\"600f2b8\" data-element_type=\"widget\" data-widget_type=\"elementskit-heading.default\">\n\t\t\t\t\t<div class=\"ekit-wid-con\" ><div class=\"ekit-heading elementskit-section-title-wraper text_left   ekit_heading_tablet-   ekit_heading_mobile-\"><h2 class=\"ekit-heading--title elementskit-section-title\">Dbamy o Twoj\u0105 prywatno\u015b\u0107, <span><span>ano<\/span><\/span> jako nap\u0159. <span><span>o Tw\u00f3j<\/span><\/span> comfort<\/h2><\/div><\/div>\t\t\t\t<\/div>\n\t\t\t\t<div class=\"elementor-element elementor-element-7de09f2 elementor-widget elementor-widget-text-editor\" data-id=\"7de09f2\" data-element_type=\"widget\" data-widget_type=\"text-editor.default\">\n\t\t\t\t\t\t\t\t\t<p>Twoje\u00a0zaufanie to dla nas podstawa. Poni\u017cej w prosty i przejrzysty spos\u00f3b wyja\u015bniamy, jak chronimy Twoje dane i dlaczego s\u0105 u nas bezpieczne.<\/p>\t\t\t\t\t\t\t\t<\/div>\n\t\t\t\t<\/div>\n\t\t<div class=\"elementor-element elementor-element-5a09568 e-con-full e-flex elementor-invisible e-con e-child\" data-id=\"5a09568\" data-element_type=\"container\" data-settings=\"{&quot;animation&quot;:&quot;fadeInRight&quot;}\">\n\t\t<div class=\"elementor-element elementor-element-ccb3c3d e-con-full e-flex e-con e-child\" data-id=\"ccb3c3d\" data-element_type=\"container\" data-settings=\"{&quot;background_background&quot;:&quot;classic&quot;}\">\n\t\t\t\t<div class=\"elementor-element elementor-element-fb695ed elementor-widget elementor-widget-text-editor\" data-id=\"fb695ed\" data-element_type=\"widget\" data-widget_type=\"text-editor.default\">\n\t\t\t\t\t\t\t\t\t<p><a href=\"#\">Home<\/a> \/ Z\u00e1sady ochrany osobn\u00edch \u00fadaj\u016f<\/p>\t\t\t\t\t\t\t\t<\/div>\n\t\t\t\t<\/div>\n\t\t\t\t<\/div>\n\t\t\t\t<\/div>\n\t\t\t\t\t<\/div>\n\t\t\t\t<\/div>\n\t\t<div class=\"elementor-element elementor-element-7857af34 e-flex e-con-boxed e-con e-parent\" data-id=\"7857af34\" data-element_type=\"container\">\n\t\t\t\t\t<div class=\"e-con-inner\">\n\t\t\t\t<div class=\"elementor-element elementor-element-1f46e945 elementor-widget elementor-widget-text-editor\" data-id=\"1f46e945\" data-element_type=\"widget\" data-widget_type=\"text-editor.default\">\n\t\t\t\t\t\t\t\t\t\n<div class=\"wpb_text_column wpb_content_element\">\n<div class=\"wpb_wrapper\">\n<p class=\"code-line\" dir=\"auto\" data-line=\"2\"><strong>I. Obecn\u00e1 ustanoven\u00ed<\/strong><\/p>\n<ol class=\"code-line\" dir=\"auto\" data-line=\"4\">\n<li class=\"code-line\" dir=\"auto\" data-line=\"4\">Polityka prywatno\u015bci okre\u015bla, jak zbierane, przetwarzane i przechowywane s\u0105 dane osobowe U\u017cytkownik\u00f3w niezb\u0119dne do \u015bwiadczenia us\u0142ug drog\u0105 elektroniczn\u0105 za po\u015brednictwem serwisu internetowego\u00a0<a href=\"https:\/\/karolowydwor.pl\/cs\/\" data-href=\"https:\/\/karolowydwor.pl\/\">https:\/\/karolowydwor.pl\/<\/a>\u00a0(d\u00e1le jen \"slu\u017eba\").<\/li>\n<li class=\"code-line\" dir=\"auto\" data-line=\"5\">Serwis zbiera wy\u0142\u0105cznie dane osobowe niezb\u0119dne do \u015bwiadczenia i rozwoju us\u0142ug w nim oferowanych.<\/li>\n<li class=\"code-line\" dir=\"auto\" data-line=\"6\">Dane osobowe zbierane za po\u015brednictwem Serwisu s\u0105 przetwarzane zgodnie z Rozporz\u0105dzeniem Parlamentu Europejskiego i Rady (UE) 2016\/679 z dnia 27 kwietnia 2016 r. w sprawie ochrony os\u00f3b fizycznych w zwi\u0105zku z przetwarzaniem danych osobowych i w sprawie swobodnego przep\u0142ywu takich danych oraz uchylenia dyrektywy 95\/46\/WE (og\u00f3lne rozporz\u0105dzenie o ochronie danych, dalej RODO) oraz ustaw\u0105 o ochronie danych osobowych z dnia 10 maja 2018 r.<\/li>\n<\/ol>\n<p class=\"code-line\" dir=\"auto\" data-line=\"8\"><strong>II. Spr\u00e1vce \u00fadaj\u016f<\/strong><\/p>\n<p class=\"code-line\" dir=\"auto\" data-line=\"10\">Administratorem danych osobowych zbieranych poprzez Serwis jest PROCNER MIROS\u0141AW KARCZMA REGIONALNA &#8222;U KAROLA&#8221;, adres: ul. Kopyd\u0142o 117, 43-460 Wis\u0142a, NIP: 5481106191, REGON: 072393667, adres poczty elektronicznej:\u00a0<a href=\"mailto:kontakt@karolowydwor.pl\" data-href=\"mailto:kontakt@karolowydwor.pl\">kontakt@karolowydwor.pl<\/a>\u00a0(d\u00e1le jen \"spr\u00e1vce\").<\/p>\n<p class=\"code-line\" dir=\"auto\" data-line=\"12\"><strong>III. \u00da\u010del shroma\u017e\u010fov\u00e1n\u00ed osobn\u00edch \u00fadaj\u016f<\/strong><\/p>\n<ol class=\"code-line\" dir=\"auto\" data-line=\"14\">\n<li class=\"code-line\" dir=\"auto\" data-line=\"14\">Dane osobowe wykorzystywane s\u0105 w celu:\n<ul class=\"code-line\" dir=\"auto\" data-line=\"15\">\n<li class=\"code-line\" dir=\"auto\" data-line=\"15\">rejestracji konta i weryfikacji to\u017csamo\u015bci U\u017cytkownika,<\/li>\n<li class=\"code-line\" dir=\"auto\" data-line=\"16\">umo\u017cliwienia logowania do Serwisu,<\/li>\n<li class=\"code-line\" dir=\"auto\" data-line=\"17\">realizacji umowy dotycz\u0105cej us\u0142ug gastronomicznych i e-us\u0142ug,<\/li>\n<li class=\"code-line\" dir=\"auto\" data-line=\"18\">obs\u0142ugi rezerwacji stolik\u00f3w i zam\u00f3wie\u0144,<\/li>\n<li class=\"code-line\" dir=\"auto\" data-line=\"19\">komunikacji z U\u017cytkownikiem (livechat, formularz kontaktowy, telefon)<\/li>\n<li class=\"code-line\" dir=\"auto\" data-line=\"20\">wysy\u0142ki newslettera (po wyra\u017ceniu zgody U\u017cytkownika na jego otrzymywanie),<\/li>\n<li class=\"code-line\" dir=\"auto\" data-line=\"21\">provozov\u00e1n\u00ed koment\u00e1\u0159ov\u00e9ho syst\u00e9mu,<\/li>\n<li class=\"code-line\" dir=\"auto\" data-line=\"22\">poskytov\u00e1n\u00ed komunitn\u00edch slu\u017eeb,<\/li>\n<li class=\"code-line\" dir=\"auto\" data-line=\"23\">propagace nab\u00eddky spr\u00e1vce,<\/li>\n<li class=\"code-line\" dir=\"auto\" data-line=\"24\">marketing, remarketing, affiliation,<\/li>\n<li class=\"code-line\" dir=\"auto\" data-line=\"25\">p\u0159izp\u016fsobit slu\u017ebu u\u017eivatel\u016fm,<\/li>\n<li class=\"code-line\" dir=\"auto\" data-line=\"26\">dzia\u0142a\u0144 analitycznych i statystycznych,<\/li>\n<li class=\"code-line\" dir=\"auto\" data-line=\"27\">vym\u00e1h\u00e1n\u00ed pohled\u00e1vek,<\/li>\n<li class=\"code-line\" dir=\"auto\" data-line=\"28\">ustalenia i dochodzenia roszcze\u0144 albo obrony przed nimi.<\/li>\n<\/ul>\n<\/li>\n<li class=\"code-line\" dir=\"auto\" data-line=\"29\">Podanie danych jest dobrowolne, ale niezb\u0119dne do zawarcia umowy albo skorzystania z innych funkcjonalno\u015bci Serwisu.<\/li>\n<\/ol>\n<p class=\"code-line\" dir=\"auto\" data-line=\"31\"><strong>IV. Typ zpracov\u00e1van\u00fdch osobn\u00edch \u00fadaj\u016f<\/strong><\/p>\n<p class=\"code-line\" dir=\"auto\" data-line=\"33\">Administrator mo\u017ce przetwarza\u0107 dane osobowe U\u017cytkownika: imi\u0119 i nazwisko, adres zamieszkania, adres e-mail, numer telefonu, NIP (w przypadku dzia\u0142alno\u015bci gospodarczej).<\/p>\n<p class=\"code-line\" dir=\"auto\" data-line=\"35\"><strong>V. Doba zpracov\u00e1n\u00ed osobn\u00edch \u00fadaj\u016f<\/strong><\/p>\n<p class=\"code-line\" dir=\"auto\" data-line=\"37\">Dane osobowe U\u017cytkownik\u00f3w b\u0119d\u0105 przetwarzane przez okres:<\/p>\n<ul class=\"code-line\" dir=\"auto\" data-line=\"39\">\n<li class=\"code-line\" dir=\"auto\" data-line=\"39\">gdy podstaw\u0105 przetwarzania danych jest wykonanie umowy \u2013 do momentu przedawnienia roszcze\u0144 po jej wykonaniu,<\/li>\n<li class=\"code-line\" dir=\"auto\" data-line=\"40\">gdy podstaw\u0105 przetwarzania danych jest zgoda \u2013 do momentu jej odwo\u0142ania, a po odwo\u0142aniu zgody do przedawnienia roszcze\u0144.<\/li>\n<\/ul>\n<p class=\"code-line\" dir=\"auto\" data-line=\"42\">W obu przypadkach termin przedawnienia wynosi 6 lat, a dla roszcze\u0144 o \u015bwiadczenia okresowe i roszcze\u0144 dotycz\u0105cych prowadzenia dzia\u0142alno\u015bci gospodarczej \u2013 3 lata (je\u015bli przepis szczeg\u00f3lny nie stanowi inaczej).<\/p>\n<p class=\"code-line\" dir=\"auto\" data-line=\"44\"><strong>VI. Sd\u00edlen\u00ed osobn\u00edch \u00fadaj\u016f<\/strong><\/p>\n<ol class=\"code-line\" dir=\"auto\" data-line=\"46\">\n<li class=\"code-line\" dir=\"auto\" data-line=\"46\">Dane osobowe U\u017cytkownik\u00f3w mog\u0105 by\u0107 przekazywane: podmiotom powi\u0105zanym z Administratorem, jego podwykonawcom, podmiotom wsp\u00f3\u0142pracuj\u0105cym z Administratorem np. firmom obs\u0142uguj\u0105cym e-p\u0142atno\u015bci, firmom \u015bwiadcz\u0105cym us\u0142ugi kurierskie\/pocztowe, kancelariom prawnym.<\/li>\n<li class=\"code-line\" dir=\"auto\" data-line=\"47\">Dane osobowe U\u017cytkownik\u00f3w nie b\u0119d\u0105 przekazywane poza teren Europejskiego Obszaru Gospodarczego (EOG).<\/li>\n<\/ol>\n<p class=\"code-line\" dir=\"auto\" data-line=\"49\"><strong>VII. Pr\u00e1va u\u017eivatel\u016f<\/strong><\/p>\n<ol class=\"code-line\" dir=\"auto\" data-line=\"51\">\n<li class=\"code-line\" dir=\"auto\" data-line=\"51\">U\u017cytkownik Serwisu ma prawo do: dost\u0119pu do tre\u015bci swoich danych osobowych, ich sprostowania, usuni\u0119cia, ograniczenia przetwarzania, przenoszenia, wniesienia sprzeciwu wobec przetwarzania, cofni\u0119cia zgody w ka\u017cdej chwili (co nie ma wp\u0142ywu na zgodno\u015b\u0107 z prawem przetwarzania dokonanego w oparciu o zgod\u0119 przed jej cofni\u0119ciem).<\/li>\n<li class=\"code-line\" dir=\"auto\" data-line=\"52\">Zg\u0142oszenie o wyst\u0105pieniu przez U\u017cytkownika z uprawnieniem wynikaj\u0105cym z wymienionych praw nale\u017cy przes\u0142a\u0107 na adres\u00a0<a href=\"mailto:kontakt@karolowydwor.pl\" data-href=\"mailto:kontakt@karolowydwor.pl\">kontakt@karolowydwor.pl<\/a>.<\/li>\n<li class=\"code-line\" dir=\"auto\" data-line=\"53\">Administrator spe\u0142nia lub odmawia spe\u0142nienia \u017c\u0105dania niezw\u0142ocznie \u2013 maksymalnie w ci\u0105gu miesi\u0105ca od jego otrzymania.<\/li>\n<li class=\"code-line\" dir=\"auto\" data-line=\"54\">U\u017cytkownik ma prawo z\u0142o\u017cy\u0107 skarg\u0119 do Prezesa Urz\u0119du Ochrony Danych Osobowych, je\u015bli uzna, \u017ce przetwarzanie narusza jego prawa i wolno\u015bci (RODO).<\/li>\n<\/ol>\n<p class=\"code-line\" dir=\"auto\" data-line=\"56\"><strong>VIII. Soubory cookie<\/strong><\/p>\n<ol class=\"code-line\" dir=\"auto\" data-line=\"58\">\n<li class=\"code-line\" dir=\"auto\" data-line=\"58\">Serwis zbiera informacje za pomoc\u0105 plik\u00f3w cookies \u2013 sesyjnych, sta\u0142ych i podmiot\u00f3w zewn\u0119trznych.<\/li>\n<li class=\"code-line\" dir=\"auto\" data-line=\"59\">Zbieranie plik\u00f3w cookies wspiera poprawne \u015bwiadczenie us\u0142ug w Serwisie i s\u0142u\u017cy celom statystycznym.<\/li>\n<li class=\"code-line\" dir=\"auto\" data-line=\"60\">U\u017cytkownik mo\u017ce okre\u015bli\u0107 zakres dost\u0119pu plik\u00f3w cookies do swojego urz\u0105dzenia w ustawieniach przegl\u0105darki.<\/li>\n<\/ol>\n<p class=\"code-line\" dir=\"auto\" data-line=\"62\"><strong>IX. Zautomatyzowane podejmowanie decyzji i profilowanie<\/strong><\/p>\n<ol class=\"code-line\" dir=\"auto\" data-line=\"64\">\n<li class=\"code-line\" dir=\"auto\" data-line=\"64\">Dane U\u017cytkownik\u00f3w nie mog\u0105 by\u0107 przetwarzane w zautomatyzowany spos\u00f3b tak, \u017ce na skutek tego mog\u0142yby zapa\u015b\u0107 wobec nich jakiekolwiek decyzje.<\/li>\n<li class=\"code-line\" dir=\"auto\" data-line=\"65\">Dane U\u017cytkownik\u00f3w mog\u0105 by\u0107 profilowane celem dostosowania tre\u015bci i personalizacji oferty po wyra\u017ceniu przez nich zgody.<\/li>\n<\/ol>\n<p class=\"code-line\" dir=\"auto\" data-line=\"67\"><strong>X. Z\u00e1v\u011bre\u010dn\u00e1 ustanoven\u00ed<\/strong><\/p>\n<ol class=\"code-line\" dir=\"auto\" data-line=\"69\">\n<li class=\"code-line\" dir=\"auto\" data-line=\"69\">Administrator ma prawo do wprowadzenia zmian w Polityce prywatno\u015bci, przy czym prawa U\u017cytkownik\u00f3w nie zostan\u0105 ograniczone.<\/li>\n<li class=\"code-line\" dir=\"auto\" data-line=\"70\">Informacja o wprowadzonych zmianach pojawi si\u0119 w formie komunikatu dost\u0119pnego w Serwisie.<\/li>\n<li class=\"code-line code-active-line\" dir=\"auto\" data-line=\"71\">W sprawach nieuregulowanych w niniejszej Polityce prywatno\u015bci obowi\u0105zuj\u0105 przepisy RODO i przepisy prawa polskiego.<\/li>\n<\/ol>\n<\/div>\n<\/div>\n<div class=\"wpb_text_column wpb_content_element\">\n<div class=\"wpb_wrapper\">\u00a0<\/div>\n<\/div>\t\t\t\t\t\t\t\t<\/div>\n\t\t\t\t\t<\/div>\n\t\t\t\t<\/div>\n\t\t\t\t<\/div>","protected":false},"excerpt":{"rendered":"<p>Dbamy o Twoj\u0105 prywatno\u015b\u0107, tak jak o Tw\u00f3j komfort Twoje\u00a0zaufanie to dla nas podstawa. Poni\u017cej w prosty i przejrzysty spos\u00f3b wyja\u015bniamy, jak chronimy Twoje dane i dlaczego s\u0105 u nas bezpieczne. Home \/ Polityka Prywatno\u015bci I. Postanowienia og\u00f3lne Polityka prywatno\u015bci okre\u015bla, jak zbierane, przetwarzane i przechowywane s\u0105 dane osobowe U\u017cytkownik\u00f3w niezb\u0119dne do \u015bwiadczenia us\u0142ug drog\u0105 [&hellip;]<\/p>","protected":false},"author":1,"featured_media":1388,"parent":0,"menu_order":0,"comment_status":"closed","ping_status":"closed","template":"","meta":{"_monsterinsights_skip_tracking":false,"_monsterinsights_sitenote_active":false,"_monsterinsights_sitenote_note":"","_monsterinsights_sitenote_category":0,"footnotes":""},"class_list":["post-3","page","type-page","status-publish","has-post-thumbnail","hentry"],"yoast_head":"<!-- This site is optimized with the Yoast SEO plugin v25.9 - https:\/\/yoast.com\/wordpress\/plugins\/seo\/ -->\n<title>Polityka prywatno\u015bci - Karolowy Dw\u00f3r<\/title>\n<meta name=\"robots\" content=\"index, follow, max-snippet:-1, max-image-preview:large, max-video-preview:-1\" \/>\n<link rel=\"canonical\" href=\"https:\/\/karolowydwor.pl\/cs\/polityka-prywatnosci\/\" \/>\n<meta property=\"og:locale\" content=\"cs_CZ\" \/>\n<meta property=\"og:type\" content=\"article\" \/>\n<meta property=\"og:title\" content=\"Polityka prywatno\u015bci - Karolowy Dw\u00f3r\" \/>\n<meta property=\"og:description\" content=\"Dbamy o Twoj\u0105 prywatno\u015b\u0107, tak jak o Tw\u00f3j komfort Twoje\u00a0zaufanie to dla nas podstawa. Poni\u017cej w prosty i przejrzysty spos\u00f3b wyja\u015bniamy, jak chronimy Twoje dane i dlaczego s\u0105 u nas bezpieczne. Home \/ Polityka Prywatno\u015bci I. Postanowienia og\u00f3lne Polityka prywatno\u015bci okre\u015bla, jak zbierane, przetwarzane i przechowywane s\u0105 dane osobowe U\u017cytkownik\u00f3w niezb\u0119dne do \u015bwiadczenia us\u0142ug drog\u0105 [&hellip;]\" \/>\n<meta property=\"og:url\" content=\"https:\/\/karolowydwor.pl\/cs\/polityka-prywatnosci\/\" \/>\n<meta property=\"og:site_name\" content=\"Karolowy Dw\u00f3r\" \/>\n<meta property=\"article:modified_time\" content=\"2026-01-07T19:23:58+00:00\" \/>\n<meta property=\"og:image\" content=\"https:\/\/karolowydwor.pl\/wp-content\/uploads\/2025\/10\/dji_fly_20250103_094600_0063_1735894663714_photo-scaled.jpg\" \/>\n\t<meta property=\"og:image:width\" content=\"2560\" \/>\n\t<meta property=\"og:image:height\" content=\"1920\" \/>\n\t<meta property=\"og:image:type\" content=\"image\/jpeg\" \/>\n<meta name=\"twitter:card\" content=\"summary_large_image\" \/>\n<meta name=\"twitter:label1\" content=\"Odhadovan\u00e1 doba \u010dten\u00ed\" \/>\n\t<meta name=\"twitter:data1\" content=\"4 minuty\" \/>\n<script type=\"application\/ld+json\" class=\"yoast-schema-graph\">{\"@context\":\"https:\/\/schema.org\",\"@graph\":[{\"@type\":\"WebPage\",\"@id\":\"https:\/\/karolowydwor.pl\/polityka-prywatnosci\/\",\"url\":\"https:\/\/karolowydwor.pl\/polityka-prywatnosci\/\",\"name\":\"Polityka prywatno\u015bci - Karolowy Dw\u00f3r\",\"isPartOf\":{\"@id\":\"https:\/\/karolowydwor.pl\/#website\"},\"primaryImageOfPage\":{\"@id\":\"https:\/\/karolowydwor.pl\/polityka-prywatnosci\/#primaryimage\"},\"image\":{\"@id\":\"https:\/\/karolowydwor.pl\/polityka-prywatnosci\/#primaryimage\"},\"thumbnailUrl\":\"https:\/\/karolowydwor.pl\/wp-content\/uploads\/2025\/10\/dji_fly_20250103_094600_0063_1735894663714_photo-scaled.jpg\",\"datePublished\":\"2025-05-23T15:25:17+00:00\",\"dateModified\":\"2026-01-07T19:23:58+00:00\",\"breadcrumb\":{\"@id\":\"https:\/\/karolowydwor.pl\/polityka-prywatnosci\/#breadcrumb\"},\"inLanguage\":\"cs\",\"potentialAction\":[{\"@type\":\"ReadAction\",\"target\":[\"https:\/\/karolowydwor.pl\/polityka-prywatnosci\/\"]}]},{\"@type\":\"ImageObject\",\"inLanguage\":\"cs\",\"@id\":\"https:\/\/karolowydwor.pl\/polityka-prywatnosci\/#primaryimage\",\"url\":\"https:\/\/karolowydwor.pl\/wp-content\/uploads\/2025\/10\/dji_fly_20250103_094600_0063_1735894663714_photo-scaled.jpg\",\"contentUrl\":\"https:\/\/karolowydwor.pl\/wp-content\/uploads\/2025\/10\/dji_fly_20250103_094600_0063_1735894663714_photo-scaled.jpg\",\"width\":2560,\"height\":1920,\"caption\":\"default\"},{\"@type\":\"BreadcrumbList\",\"@id\":\"https:\/\/karolowydwor.pl\/polityka-prywatnosci\/#breadcrumb\",\"itemListElement\":[{\"@type\":\"ListItem\",\"position\":1,\"name\":\"Home\",\"item\":\"https:\/\/karolowydwor.pl\/\"},{\"@type\":\"ListItem\",\"position\":2,\"name\":\"Polityka prywatno\u015bci\"}]},{\"@type\":\"WebSite\",\"@id\":\"https:\/\/karolowydwor.pl\/#website\",\"url\":\"https:\/\/karolowydwor.pl\/\",\"name\":\"Karolowy Dw\u00f3r\",\"description\":\"\",\"publisher\":{\"@id\":\"https:\/\/karolowydwor.pl\/#organization\"},\"potentialAction\":[{\"@type\":\"SearchAction\",\"target\":{\"@type\":\"EntryPoint\",\"urlTemplate\":\"https:\/\/karolowydwor.pl\/?s={search_term_string}\"},\"query-input\":{\"@type\":\"PropertyValueSpecification\",\"valueRequired\":true,\"valueName\":\"search_term_string\"}}],\"inLanguage\":\"cs\"},{\"@type\":\"Organization\",\"@id\":\"https:\/\/karolowydwor.pl\/#organization\",\"name\":\"Karolowy Dw\u00f3r\",\"url\":\"https:\/\/karolowydwor.pl\/\",\"logo\":{\"@type\":\"ImageObject\",\"inLanguage\":\"cs\",\"@id\":\"https:\/\/karolowydwor.pl\/#\/schema\/logo\/image\/\",\"url\":\"https:\/\/karolowydwor.pl\/wp-content\/uploads\/2025\/06\/avatar.png\",\"contentUrl\":\"https:\/\/karolowydwor.pl\/wp-content\/uploads\/2025\/06\/avatar.png\",\"width\":1080,\"height\":1080,\"caption\":\"Karolowy Dw\u00f3r\"},\"image\":{\"@id\":\"https:\/\/karolowydwor.pl\/#\/schema\/logo\/image\/\"}}]}<\/script>\n<!-- \/ Yoast SEO plugin. -->","yoast_head_json":{"title":"Polityka prywatno\u015bci - Karolowy Dw\u00f3r","robots":{"index":"index","follow":"follow","max-snippet":"max-snippet:-1","max-image-preview":"max-image-preview:large","max-video-preview":"max-video-preview:-1"},"canonical":"https:\/\/karolowydwor.pl\/cs\/polityka-prywatnosci\/","og_locale":"cs_CZ","og_type":"article","og_title":"Polityka prywatno\u015bci - Karolowy Dw\u00f3r","og_description":"Dbamy o Twoj\u0105 prywatno\u015b\u0107, tak jak o Tw\u00f3j komfort Twoje\u00a0zaufanie to dla nas podstawa. Poni\u017cej w prosty i przejrzysty spos\u00f3b wyja\u015bniamy, jak chronimy Twoje dane i dlaczego s\u0105 u nas bezpieczne. Home \/ Polityka Prywatno\u015bci I. Postanowienia og\u00f3lne Polityka prywatno\u015bci okre\u015bla, jak zbierane, przetwarzane i przechowywane s\u0105 dane osobowe U\u017cytkownik\u00f3w niezb\u0119dne do \u015bwiadczenia us\u0142ug drog\u0105 [&hellip;]","og_url":"https:\/\/karolowydwor.pl\/cs\/polityka-prywatnosci\/","og_site_name":"Karolowy Dw\u00f3r","article_modified_time":"2026-01-07T19:23:58+00:00","og_image":[{"width":2560,"height":1920,"url":"https:\/\/karolowydwor.pl\/wp-content\/uploads\/2025\/10\/dji_fly_20250103_094600_0063_1735894663714_photo-scaled.jpg","type":"image\/jpeg"}],"twitter_card":"summary_large_image","twitter_misc":{"Odhadovan\u00e1 doba \u010dten\u00ed":"4 minuty"},"schema":{"@context":"https:\/\/schema.org","@graph":[{"@type":"WebPage","@id":"https:\/\/karolowydwor.pl\/polityka-prywatnosci\/","url":"https:\/\/karolowydwor.pl\/polityka-prywatnosci\/","name":"Polityka prywatno\u015bci - Karolowy Dw\u00f3r","isPartOf":{"@id":"https:\/\/karolowydwor.pl\/#website"},"primaryImageOfPage":{"@id":"https:\/\/karolowydwor.pl\/polityka-prywatnosci\/#primaryimage"},"image":{"@id":"https:\/\/karolowydwor.pl\/polityka-prywatnosci\/#primaryimage"},"thumbnailUrl":"https:\/\/karolowydwor.pl\/wp-content\/uploads\/2025\/10\/dji_fly_20250103_094600_0063_1735894663714_photo-scaled.jpg","datePublished":"2025-05-23T15:25:17+00:00","dateModified":"2026-01-07T19:23:58+00:00","breadcrumb":{"@id":"https:\/\/karolowydwor.pl\/polityka-prywatnosci\/#breadcrumb"},"inLanguage":"cs","potentialAction":[{"@type":"ReadAction","target":["https:\/\/karolowydwor.pl\/polityka-prywatnosci\/"]}]},{"@type":"ImageObject","inLanguage":"cs","@id":"https:\/\/karolowydwor.pl\/polityka-prywatnosci\/#primaryimage","url":"https:\/\/karolowydwor.pl\/wp-content\/uploads\/2025\/10\/dji_fly_20250103_094600_0063_1735894663714_photo-scaled.jpg","contentUrl":"https:\/\/karolowydwor.pl\/wp-content\/uploads\/2025\/10\/dji_fly_20250103_094600_0063_1735894663714_photo-scaled.jpg","width":2560,"height":1920,"caption":"default"},{"@type":"BreadcrumbList","@id":"https:\/\/karolowydwor.pl\/polityka-prywatnosci\/#breadcrumb","itemListElement":[{"@type":"ListItem","position":1,"name":"Home","item":"https:\/\/karolowydwor.pl\/"},{"@type":"ListItem","position":2,"name":"Polityka prywatno\u015bci"}]},{"@type":"WebSite","@id":"https:\/\/karolowydwor.pl\/#website","url":"https:\/\/karolowydwor.pl\/","name":"Karolowy Dw\u00f3r","description":"","publisher":{"@id":"https:\/\/karolowydwor.pl\/#organization"},"potentialAction":[{"@type":"SearchAction","target":{"@type":"EntryPoint","urlTemplate":"https:\/\/karolowydwor.pl\/?s={search_term_string}"},"query-input":{"@type":"PropertyValueSpecification","valueRequired":true,"valueName":"search_term_string"}}],"inLanguage":"cs"},{"@type":"Organization","@id":"https:\/\/karolowydwor.pl\/#organization","name":"Karolowy Dw\u00f3r","url":"https:\/\/karolowydwor.pl\/","logo":{"@type":"ImageObject","inLanguage":"cs","@id":"https:\/\/karolowydwor.pl\/#\/schema\/logo\/image\/","url":"https:\/\/karolowydwor.pl\/wp-content\/uploads\/2025\/06\/avatar.png","contentUrl":"https:\/\/karolowydwor.pl\/wp-content\/uploads\/2025\/06\/avatar.png","width":1080,"height":1080,"caption":"Karolowy Dw\u00f3r"},"image":{"@id":"https:\/\/karolowydwor.pl\/#\/schema\/logo\/image\/"}}]}},"_links":{"self":[{"href":"https:\/\/karolowydwor.pl\/cs\/wp-json\/wp\/v2\/pages\/3","targetHints":{"allow":["GET"]}}],"collection":[{"href":"https:\/\/karolowydwor.pl\/cs\/wp-json\/wp\/v2\/pages"}],"about":[{"href":"https:\/\/karolowydwor.pl\/cs\/wp-json\/wp\/v2\/types\/page"}],"author":[{"embeddable":true,"href":"https:\/\/karolowydwor.pl\/cs\/wp-json\/wp\/v2\/users\/1"}],"replies":[{"embeddable":true,"href":"https:\/\/karolowydwor.pl\/cs\/wp-json\/wp\/v2\/comments?post=3"}],"version-history":[{"count":0,"href":"https:\/\/karolowydwor.pl\/cs\/wp-json\/wp\/v2\/pages\/3\/revisions"}],"wp:featuredmedia":[{"embeddable":true,"href":"https:\/\/karolowydwor.pl\/cs\/wp-json\/wp\/v2\/media\/1388"}],"wp:attachment":[{"href":"https:\/\/karolowydwor.pl\/cs\/wp-json\/wp\/v2\/media?parent=3"}],"curies":[{"name":"wp","href":"https:\/\/api.w.org\/{rel}","templated":true}]}}