{"id":1956,"date":"2026-01-26T12:49:24","date_gmt":"2026-01-26T11:49:24","guid":{"rendered":"https:\/\/karolowydwor.pl\/?page_id=1956"},"modified":"2026-01-26T13:37:58","modified_gmt":"2026-01-26T12:37:58","slug":"nowe-uslugi","status":"publish","type":"page","link":"https:\/\/karolowydwor.pl\/de\/nowe-uslugi\/","title":{"rendered":"Neue Dienstleistungen"},"content":{"rendered":"<div data-elementor-type=\"wp-page\" data-elementor-id=\"1956\" class=\"elementor elementor-1956\" data-elementor-post-type=\"page\">\n\t\t\t\t<div class=\"elementor-element elementor-element-f4bd0d6 e-flex e-con-boxed e-con e-parent\" data-id=\"f4bd0d6\" data-element_type=\"container\" data-settings=\"{&quot;background_background&quot;:&quot;classic&quot;}\">\n\t\t\t\t\t<div class=\"e-con-inner\">\n\t\t<div class=\"elementor-element elementor-element-fc88f48 e-con-full e-flex e-con e-child\" data-id=\"fc88f48\" data-element_type=\"container\">\n\t\t<div class=\"elementor-element elementor-element-3f302b9 e-con-full e-flex elementor-invisible e-con e-child\" data-id=\"3f302b9\" data-element_type=\"container\" data-settings=\"{&quot;animation&quot;:&quot;fadeInLeft&quot;}\">\n\t\t\t\t<div class=\"elementor-element elementor-element-ee2b8fa elementor-widget elementor-widget-elementskit-heading\" data-id=\"ee2b8fa\" data-element_type=\"widget\" data-widget_type=\"elementskit-heading.default\">\n\t\t\t\t\t<div class=\"ekit-wid-con\" ><div class=\"ekit-heading elementskit-section-title-wraper text_left   ekit_heading_tablet-   ekit_heading_mobile-\"><h2 class=\"ekit-heading--title elementskit-section-title\">Neue Dienstleistungen, <span><span>w<\/span><\/span> Karlshof<\/h2><\/div><\/div>\t\t\t\t<\/div>\n\t\t\t\t<div class=\"elementor-element elementor-element-586bfcd elementor-widget elementor-widget-text-editor\" data-id=\"586bfcd\" data-element_type=\"widget\" data-widget_type=\"text-editor.default\">\n\t\t\t\t\t\t\t\t\t<p data-prosemirror-content-type=\"node\" data-prosemirror-node-name=\"paragraph\" data-prosemirror-node-block=\"true\" data-pm-slice=\"1 1 []\">Ab 2026 wird am Charles Court eine neue Palette von Dienstleistungen angeboten. F\u00fcr weitere Details kontaktieren Sie uns bitte.<\/p>\t\t\t\t\t\t\t\t<\/div>\n\t\t\t\t<\/div>\n\t\t<div class=\"elementor-element elementor-element-69c7640 e-con-full e-flex elementor-invisible e-con e-child\" data-id=\"69c7640\" data-element_type=\"container\" data-settings=\"{&quot;animation&quot;:&quot;fadeInRight&quot;}\">\n\t\t<div class=\"elementor-element elementor-element-2f95e65 e-con-full e-flex e-con e-child\" data-id=\"2f95e65\" data-element_type=\"container\" data-settings=\"{&quot;background_background&quot;:&quot;classic&quot;}\">\n\t\t\t\t<div class=\"elementor-element elementor-element-a99148f elementor-widget elementor-widget-text-editor\" data-id=\"a99148f\" data-element_type=\"widget\" data-widget_type=\"text-editor.default\">\n\t\t\t\t\t\t\t\t\t<p>Neue Dienstleistungen<\/p>\t\t\t\t\t\t\t\t<\/div>\n\t\t\t\t<\/div>\n\t\t\t\t<\/div>\n\t\t\t\t<\/div>\n\t\t\t\t\t<\/div>\n\t\t\t\t<\/div>\n\t\t<div class=\"elementor-element elementor-element-b24108f e-flex e-con-boxed e-con e-parent\" data-id=\"b24108f\" data-element_type=\"container\">\n\t\t\t\t\t<div class=\"e-con-inner\">\n\t\t<div class=\"elementor-element elementor-element-7267973 e-con-full e-flex elementor-invisible e-con e-child\" data-id=\"7267973\" data-element_type=\"container\" data-settings=\"{&quot;animation&quot;:&quot;fadeInRight&quot;,&quot;animation_delay&quot;:400}\">\n\t\t\t\t<div class=\"elementor-element elementor-element-a712da4 elementor-widget elementor-widget-elementskit-heading\" data-id=\"a712da4\" data-element_type=\"widget\" data-widget_type=\"elementskit-heading.default\">\n\t\t\t\t\t<div class=\"ekit-wid-con\" ><div class=\"ekit-heading elementskit-section-title-wraper text_center   ekit_heading_tablet-   ekit_heading_mobile-\"><h2 class=\"ekit-heading--title elementskit-section-title\"><span><span>Siehe<\/span><\/span> Nachrichten<\/h2><\/div><\/div>\t\t\t\t<\/div>\n\t\t<div class=\"elementor-element elementor-element-40aaf46 e-con-full e-flex e-con e-child\" data-id=\"40aaf46\" data-element_type=\"container\">\n\t\t<div class=\"elementor-element elementor-element-1f1e54f e-con-full e-flex e-con e-child\" data-id=\"1f1e54f\" data-element_type=\"container\">\n\t\t\t\t<div class=\"elementor-element elementor-element-215b798 elementor-widget elementor-widget-image\" data-id=\"215b798\" data-element_type=\"widget\" data-widget_type=\"image.default\">\n\t\t\t\t\t\t\t\t\t\t\t\t\t\t\t<img fetchpriority=\"high\" decoding=\"async\" width=\"747\" height=\"1024\" src=\"https:\/\/karolowydwor.pl\/wp-content\/smush-webp\/2026\/01\/Sauna-zima-1-747x1024.png.webp\" class=\"attachment-large size-large wp-image-1958\" alt=\"\" srcset=\"https:\/\/karolowydwor.pl\/wp-content\/smush-webp\/2026\/01\/Sauna-zima-1-747x1024.png.webp 747w, https:\/\/karolowydwor.pl\/wp-content\/smush-webp\/2026\/01\/Sauna-zima-1-219x300.png.webp 219w, https:\/\/karolowydwor.pl\/wp-content\/smush-webp\/2026\/01\/Sauna-zima-1-768x1052.png.webp 768w, https:\/\/karolowydwor.pl\/wp-content\/smush-webp\/2026\/01\/Sauna-zima-1-9x12.png.webp 9w, https:\/\/karolowydwor.pl\/wp-content\/smush-webp\/2026\/01\/Sauna-zima-1.png.webp 864w\" sizes=\"(max-width: 747px) 100vw, 747px\" \/>\t\t\t\t\t\t\t\t\t\t\t\t\t\t\t<\/div>\n\t\t\t\t<div class=\"elementor-element elementor-element-c3fa527 elementor-widget elementor-widget-elementskit-heading\" data-id=\"c3fa527\" data-element_type=\"widget\" data-widget_type=\"elementskit-heading.default\">\n\t\t\t\t\t<div class=\"ekit-wid-con\" ><div class=\"ekit-heading elementskit-section-title-wraper text_left   ekit_heading_tablet-   ekit_heading_mobile-\"><h2 class=\"ekit-heading--title elementskit-section-title\"><span><span>Extern<\/span><\/span> Heilbad<\/h2><\/div><\/div>\t\t\t\t<\/div>\n\t\t\t\t<div class=\"elementor-element elementor-element-7fe47d3 elementor-widget elementor-widget-text-editor\" data-id=\"7fe47d3\" data-element_type=\"widget\" data-widget_type=\"text-editor.default\">\n\t\t\t\t\t\t\t\t\t<p data-prosemirror-content-type=\"node\" data-prosemirror-node-name=\"paragraph\" data-prosemirror-node-block=\"true\" data-pm-slice=\"1 1 []\">Ein ganzj\u00e4hrig ge\u00f6ffneter Wellnessbereich im Freien, der mit bequemen Gartenm\u00f6beln ausgestattet ist und einen Blick auf die Berge bietet. Das Angebot richtet sich an G\u00e4ste, die Entspannung und Regeneration suchen und tr\u00e4gt zur Attraktivit\u00e4t der Anlage bei.<\/p>\t\t\t\t\t\t\t\t<\/div>\n\t\t\t\t<\/div>\n\t\t<div class=\"elementor-element elementor-element-7f9c79e e-con-full e-flex e-con e-child\" data-id=\"7f9c79e\" data-element_type=\"container\">\n\t\t\t\t<div class=\"elementor-element elementor-element-8ff1b6a elementor-widget elementor-widget-image\" data-id=\"8ff1b6a\" data-element_type=\"widget\" data-widget_type=\"image.default\">\n\t\t\t\t\t\t\t\t\t\t\t\t\t\t\t<img decoding=\"async\" width=\"747\" height=\"1024\" data-src=\"https:\/\/karolowydwor.pl\/wp-content\/smush-webp\/2026\/01\/Basen-zima-1-747x1024.png.webp\" class=\"attachment-large size-large wp-image-1959 lazyload\" alt=\"\" data-srcset=\"https:\/\/karolowydwor.pl\/wp-content\/smush-webp\/2026\/01\/Basen-zima-1-747x1024.png.webp 747w, https:\/\/karolowydwor.pl\/wp-content\/smush-webp\/2026\/01\/Basen-zima-1-219x300.png.webp 219w, https:\/\/karolowydwor.pl\/wp-content\/smush-webp\/2026\/01\/Basen-zima-1-768x1052.png.webp 768w, https:\/\/karolowydwor.pl\/wp-content\/smush-webp\/2026\/01\/Basen-zima-1-9x12.png.webp 9w, https:\/\/karolowydwor.pl\/wp-content\/smush-webp\/2026\/01\/Basen-zima-1.png.webp 864w\" data-sizes=\"(max-width: 747px) 100vw, 747px\" src=\"data:image\/svg+xml;base64,PHN2ZyB3aWR0aD0iMSIgaGVpZ2h0PSIxIiB4bWxucz0iaHR0cDovL3d3dy53My5vcmcvMjAwMC9zdmciPjwvc3ZnPg==\" style=\"--smush-placeholder-width: 747px; --smush-placeholder-aspect-ratio: 747\/1024;\" \/>\t\t\t\t\t\t\t\t\t\t\t\t\t\t\t<\/div>\n\t\t\t\t<div class=\"elementor-element elementor-element-dd0b766 elementor-widget elementor-widget-elementskit-heading\" data-id=\"dd0b766\" data-element_type=\"widget\" data-widget_type=\"elementskit-heading.default\">\n\t\t\t\t\t<div class=\"ekit-wid-con\" ><div class=\"ekit-heading elementskit-section-title-wraper text_left   ekit_heading_tablet-   ekit_heading_mobile-\"><h2 class=\"ekit-heading--title elementskit-section-title\"><span><span>Abgedeckt durch<\/span><\/span> Schwimmbad<\/h2><\/div><\/div>\t\t\t\t<\/div>\n\t\t\t\t<div class=\"elementor-element elementor-element-6f27d3b elementor-widget elementor-widget-text-editor\" data-id=\"6f27d3b\" data-element_type=\"widget\" data-widget_type=\"text-editor.default\">\n\t\t\t\t\t\t\t\t\t<p data-prosemirror-content-type=\"node\" data-prosemirror-node-name=\"paragraph\" data-prosemirror-node-block=\"true\" data-pm-slice=\"1 1 []\">M\u00f6glichkeit der Nutzung des Pools nach der Modernisierung, d. h. Abdeckung des Pools, so dass er bei jedem Wetter zug\u00e4nglich ist<\/p>\t\t\t\t\t\t\t\t<\/div>\n\t\t\t\t<\/div>\n\t\t<div class=\"elementor-element elementor-element-0c1b330 e-con-full e-flex e-con e-child\" data-id=\"0c1b330\" data-element_type=\"container\">\n\t\t\t\t<div class=\"elementor-element elementor-element-a4d1ddb elementor-widget elementor-widget-image\" data-id=\"a4d1ddb\" data-element_type=\"widget\" data-widget_type=\"image.default\">\n\t\t\t\t\t\t\t\t\t\t\t\t\t\t\t<img decoding=\"async\" width=\"768\" height=\"1024\" data-src=\"https:\/\/karolowydwor.pl\/wp-content\/uploads\/2025\/06\/IMG_9253-1-768x1024.webp\" class=\"attachment-large size-large wp-image-412 lazyload\" alt=\"\" data-srcset=\"https:\/\/karolowydwor.pl\/wp-content\/uploads\/2025\/06\/IMG_9253-1-768x1024.webp 768w, https:\/\/karolowydwor.pl\/wp-content\/uploads\/2025\/06\/IMG_9253-1-225x300.webp 225w, https:\/\/karolowydwor.pl\/wp-content\/uploads\/2025\/06\/IMG_9253-1-1152x1536.webp 1152w, https:\/\/karolowydwor.pl\/wp-content\/uploads\/2025\/06\/IMG_9253-1.webp 1440w\" data-sizes=\"(max-width: 768px) 100vw, 768px\" src=\"data:image\/svg+xml;base64,PHN2ZyB3aWR0aD0iMSIgaGVpZ2h0PSIxIiB4bWxucz0iaHR0cDovL3d3dy53My5vcmcvMjAwMC9zdmciPjwvc3ZnPg==\" style=\"--smush-placeholder-width: 768px; --smush-placeholder-aspect-ratio: 768\/1024;\" \/>\t\t\t\t\t\t\t\t\t\t\t\t\t\t\t<\/div>\n\t\t\t\t<div class=\"elementor-element elementor-element-f079e93 elementor-widget elementor-widget-elementskit-heading\" data-id=\"f079e93\" data-element_type=\"widget\" data-widget_type=\"elementskit-heading.default\">\n\t\t\t\t\t<div class=\"ekit-wid-con\" ><div class=\"ekit-heading elementskit-section-title-wraper text_left   ekit_heading_tablet-   ekit_heading_mobile-\"><h2 class=\"ekit-heading--title elementskit-section-title\"><span><span>Exklusiv<\/span><\/span> Organisation von Veranstaltungen<\/h2><\/div><\/div>\t\t\t\t<\/div>\n\t\t\t\t<div class=\"elementor-element elementor-element-886b018 elementor-widget elementor-widget-text-editor\" data-id=\"886b018\" data-element_type=\"widget\" data-widget_type=\"text-editor.default\">\n\t\t\t\t\t\t\t\t\t<p data-prosemirror-content-type=\"node\" data-prosemirror-node-name=\"paragraph\" data-prosemirror-node-block=\"true\" data-pm-slice=\"1 1 []\">Hochzeiten, Taufen, Gesch\u00e4ftstreffen, Schulungen und Konferenzen mit voller logistischer und gastronomischer Unterst\u00fctzung. Die Umgestaltung des Gel\u00e4ndes rund um Karolowy Dw\u00f3r und die Modernisierung des angrenzenden Geb\u00e4udes erm\u00f6glichen ein umfassendes Raummanagement und die Durchf\u00fchrung von exklusiven Veranstaltungen auf h\u00f6chstem Niveau.<\/p>\t\t\t\t\t\t\t\t<\/div>\n\t\t\t\t<\/div>\n\t\t\t\t<\/div>\n\t\t\t\t<\/div>\n\t\t\t\t\t<\/div>\n\t\t\t\t<\/div>\n\t\t<div class=\"elementor-element elementor-element-f558178 e-flex e-con-boxed e-con e-parent\" data-id=\"f558178\" data-element_type=\"container\">\n\t\t\t\t\t<div class=\"e-con-inner\">\n\t\t<div class=\"elementor-element elementor-element-7de3ef0 e-con-full e-flex elementor-invisible e-con e-child\" data-id=\"7de3ef0\" data-element_type=\"container\" data-settings=\"{&quot;animation&quot;:&quot;fadeInRight&quot;,&quot;animation_delay&quot;:400}\">\n\t\t<div class=\"elementor-element elementor-element-b9c9dbf e-con-full e-flex e-con e-child\" data-id=\"b9c9dbf\" data-element_type=\"container\">\n\t\t\t\t<div class=\"elementor-element elementor-element-69e198e elementor-widget elementor-widget-gallery\" data-id=\"69e198e\" data-element_type=\"widget\" data-settings=\"{&quot;lazyload&quot;:&quot;yes&quot;,&quot;gallery_layout&quot;:&quot;grid&quot;,&quot;columns&quot;:4,&quot;columns_tablet&quot;:2,&quot;columns_mobile&quot;:1,&quot;gap&quot;:{&quot;unit&quot;:&quot;px&quot;,&quot;size&quot;:10,&quot;sizes&quot;:[]},&quot;gap_tablet&quot;:{&quot;unit&quot;:&quot;px&quot;,&quot;size&quot;:10,&quot;sizes&quot;:[]},&quot;gap_mobile&quot;:{&quot;unit&quot;:&quot;px&quot;,&quot;size&quot;:10,&quot;sizes&quot;:[]},&quot;link_to&quot;:&quot;file&quot;,&quot;aspect_ratio&quot;:&quot;3:2&quot;,&quot;overlay_background&quot;:&quot;yes&quot;,&quot;content_hover_animation&quot;:&quot;fade-in&quot;}\" data-widget_type=\"gallery.default\">\n\t\t\t\t\t\t\t<div class=\"elementor-gallery__container\">\n\t\t\t\t\t\t\t<a class=\"e-gallery-item elementor-gallery-item elementor-animated-content\" href=\"https:\/\/karolowydwor.pl\/wp-content\/uploads\/2025\/10\/DSC02453.webp\" data-elementor-open-lightbox=\"yes\" data-elementor-lightbox-slideshow=\"69e198e\" data-elementor-lightbox-title=\"DSC02453\" data-e-action-hash=\"#elementor-action%3Aaction%3Dlightbox%26settings%3DeyJpZCI6MTQyMCwidXJsIjoiaHR0cHM6XC9cL2thcm9sb3d5ZHdvci5wbFwvd3AtY29udGVudFwvdXBsb2Fkc1wvMjAyNVwvMTBcL0RTQzAyNDUzLndlYnAiLCJzbGlkZXNob3ciOiI2OWUxOThlIn0%3D\">\n\t\t\t\t\t<div class=\"e-gallery-image elementor-gallery-item__image\" data-thumbnail=\"https:\/\/karolowydwor.pl\/wp-content\/uploads\/2025\/10\/DSC02453-300x200.webp\" data-width=\"300\" data-height=\"200\" aria-label=\"\" role=\"img\" ><\/div>\n\t\t\t\t\t\t\t\t\t\t\t<div class=\"elementor-gallery-item__overlay\"><\/div>\n\t\t\t\t\t\t\t\t\t\t\t\t\t\t<\/a>\n\t\t\t\t\t\t\t<a class=\"e-gallery-item elementor-gallery-item elementor-animated-content\" href=\"https:\/\/karolowydwor.pl\/wp-content\/uploads\/2025\/10\/DSC02410-3.webp\" data-elementor-open-lightbox=\"yes\" data-elementor-lightbox-slideshow=\"69e198e\" data-elementor-lightbox-title=\"DSC02410 (3)\" data-e-action-hash=\"#elementor-action%3Aaction%3Dlightbox%26settings%3DeyJpZCI6MTQyNCwidXJsIjoiaHR0cHM6XC9cL2thcm9sb3d5ZHdvci5wbFwvd3AtY29udGVudFwvdXBsb2Fkc1wvMjAyNVwvMTBcL0RTQzAyNDEwLTMud2VicCIsInNsaWRlc2hvdyI6IjY5ZTE5OGUifQ%3D%3D\">\n\t\t\t\t\t<div class=\"e-gallery-image elementor-gallery-item__image\" data-thumbnail=\"https:\/\/karolowydwor.pl\/wp-content\/uploads\/2025\/10\/DSC02410-3-300x200.webp\" data-width=\"300\" data-height=\"200\" aria-label=\"\" role=\"img\" ><\/div>\n\t\t\t\t\t\t\t\t\t\t\t<div class=\"elementor-gallery-item__overlay\"><\/div>\n\t\t\t\t\t\t\t\t\t\t\t\t\t\t<\/a>\n\t\t\t\t\t\t\t<a class=\"e-gallery-item elementor-gallery-item elementor-animated-content\" href=\"https:\/\/karolowydwor.pl\/wp-content\/uploads\/2025\/10\/DSC01279.webp\" data-elementor-open-lightbox=\"yes\" data-elementor-lightbox-slideshow=\"69e198e\" data-elementor-lightbox-title=\"DSC01279\" data-e-action-hash=\"#elementor-action%3Aaction%3Dlightbox%26settings%3DeyJpZCI6MTQyMywidXJsIjoiaHR0cHM6XC9cL2thcm9sb3d5ZHdvci5wbFwvd3AtY29udGVudFwvdXBsb2Fkc1wvMjAyNVwvMTBcL0RTQzAxMjc5LndlYnAiLCJzbGlkZXNob3ciOiI2OWUxOThlIn0%3D\">\n\t\t\t\t\t<div class=\"e-gallery-image elementor-gallery-item__image\" data-thumbnail=\"https:\/\/karolowydwor.pl\/wp-content\/uploads\/2025\/10\/DSC01279-300x200.webp\" data-width=\"300\" data-height=\"200\" aria-label=\"\" role=\"img\" ><\/div>\n\t\t\t\t\t\t\t\t\t\t\t<div class=\"elementor-gallery-item__overlay\"><\/div>\n\t\t\t\t\t\t\t\t\t\t\t\t\t\t<\/a>\n\t\t\t\t\t\t\t<a class=\"e-gallery-item elementor-gallery-item elementor-animated-content\" href=\"https:\/\/karolowydwor.pl\/wp-content\/uploads\/2025\/10\/DSC02418.webp\" data-elementor-open-lightbox=\"yes\" data-elementor-lightbox-slideshow=\"69e198e\" data-elementor-lightbox-title=\"DSC02418\" data-e-action-hash=\"#elementor-action%3Aaction%3Dlightbox%26settings%3DeyJpZCI6MTQyNSwidXJsIjoiaHR0cHM6XC9cL2thcm9sb3d5ZHdvci5wbFwvd3AtY29udGVudFwvdXBsb2Fkc1wvMjAyNVwvMTBcL0RTQzAyNDE4LndlYnAiLCJzbGlkZXNob3ciOiI2OWUxOThlIn0%3D\">\n\t\t\t\t\t<div class=\"e-gallery-image elementor-gallery-item__image\" data-thumbnail=\"https:\/\/karolowydwor.pl\/wp-content\/uploads\/2025\/10\/DSC02418-300x200.webp\" data-width=\"300\" data-height=\"200\" aria-label=\"\" role=\"img\" ><\/div>\n\t\t\t\t\t\t\t\t\t\t\t<div class=\"elementor-gallery-item__overlay\"><\/div>\n\t\t\t\t\t\t\t\t\t\t\t\t\t\t<\/a>\n\t\t\t\t\t<\/div>\n\t\t\t\t\t<\/div>\n\t\t\t\t<\/div>\n\t\t\t\t<\/div>\n\t\t\t\t\t<\/div>\n\t\t\t\t<\/div>\n\t\t\t\t<\/div>","protected":false},"excerpt":{"rendered":"<p>Neue Dienstleistungen in Karolowy Dw\u00f3r Ab 2026 wird in Karolowy Dw\u00f3r eine neue Palette von Dienstleistungen angeboten. F\u00fcr weitere Informationen nehmen Sie bitte Kontakt mit uns auf. Neue Dienstleistungen Siehe Neuigkeiten Outdoor Spa Ein ganzj\u00e4hrig ge\u00f6ffnetes Spa im Freien, ausgestattet mit bequemen Gartenm\u00f6beln und Blick auf die Berge. Das Angebot richtet sich an G\u00e4ste, die Entspannung und Regeneration suchen, und wertet das [...]<\/p>","protected":false},"author":1,"featured_media":0,"parent":0,"menu_order":0,"comment_status":"closed","ping_status":"closed","template":"","meta":{"_monsterinsights_skip_tracking":false,"_monsterinsights_sitenote_active":false,"_monsterinsights_sitenote_note":"","_monsterinsights_sitenote_category":0,"footnotes":""},"class_list":["post-1956","page","type-page","status-publish","hentry"],"yoast_head":"<!-- This site is optimized with the Yoast SEO plugin v25.9 - https:\/\/yoast.com\/wordpress\/plugins\/seo\/ -->\n<title>Nowe us\u0142ugi - Karolowy Dw\u00f3r<\/title>\n<meta name=\"robots\" content=\"index, follow, max-snippet:-1, max-image-preview:large, max-video-preview:-1\" \/>\n<link rel=\"canonical\" href=\"https:\/\/karolowydwor.pl\/de\/nowe-uslugi\/\" \/>\n<meta property=\"og:locale\" content=\"de_DE\" \/>\n<meta property=\"og:type\" content=\"article\" \/>\n<meta property=\"og:title\" content=\"Nowe us\u0142ugi - Karolowy Dw\u00f3r\" \/>\n<meta property=\"og:description\" content=\"Nowe us\u0142ugi, w Karolowym Dworze Od 2026 r. w Karolowym Dworze dost\u0119pna jest nowa oferta us\u0142ug. Po wi\u0119cej szczeg\u00f3\u0142\u00f3w zapraszamy do kontaktu. Nowe us\u0142ugi Zobacz nowo\u015bci Zewn\u0119trzne Spa Ca\u0142oroczne spa na \u015bwie\u017cym powietrzu, wyposa\u017cone w komfortowe meble ogrodowe i oferuj\u0105ce widok na g\u00f3ry. Us\u0142uga jest skierowana do Go\u015bci szukaj\u0105cych relaksu i regeneracji oraz podnosi atrakcyjno\u015b\u0107 [&hellip;]\" \/>\n<meta property=\"og:url\" content=\"https:\/\/karolowydwor.pl\/de\/nowe-uslugi\/\" \/>\n<meta property=\"og:site_name\" content=\"Karolowy Dw\u00f3r\" \/>\n<meta property=\"article:modified_time\" content=\"2026-01-26T12:37:58+00:00\" \/>\n<meta property=\"og:image\" content=\"https:\/\/karolowydwor.pl\/wp-content\/uploads\/2026\/01\/Sauna-zima-1.png\" \/>\n\t<meta property=\"og:image:width\" content=\"864\" \/>\n\t<meta property=\"og:image:height\" content=\"1184\" \/>\n\t<meta property=\"og:image:type\" content=\"image\/png\" \/>\n<meta name=\"twitter:card\" content=\"summary_large_image\" \/>\n<meta name=\"twitter:label1\" content=\"Gesch\u00e4tzte Lesezeit\" \/>\n\t<meta name=\"twitter:data1\" content=\"1\u00a0Minute\" \/>\n<script type=\"application\/ld+json\" class=\"yoast-schema-graph\">{\"@context\":\"https:\/\/schema.org\",\"@graph\":[{\"@type\":\"WebPage\",\"@id\":\"https:\/\/karolowydwor.pl\/nowe-uslugi\/\",\"url\":\"https:\/\/karolowydwor.pl\/nowe-uslugi\/\",\"name\":\"Nowe us\u0142ugi - Karolowy Dw\u00f3r\",\"isPartOf\":{\"@id\":\"https:\/\/karolowydwor.pl\/#website\"},\"primaryImageOfPage\":{\"@id\":\"https:\/\/karolowydwor.pl\/nowe-uslugi\/#primaryimage\"},\"image\":{\"@id\":\"https:\/\/karolowydwor.pl\/nowe-uslugi\/#primaryimage\"},\"thumbnailUrl\":\"https:\/\/karolowydwor.pl\/wp-content\/uploads\/2026\/01\/Sauna-zima-1-747x1024.png\",\"datePublished\":\"2026-01-26T11:49:24+00:00\",\"dateModified\":\"2026-01-26T12:37:58+00:00\",\"breadcrumb\":{\"@id\":\"https:\/\/karolowydwor.pl\/nowe-uslugi\/#breadcrumb\"},\"inLanguage\":\"de\",\"potentialAction\":[{\"@type\":\"ReadAction\",\"target\":[\"https:\/\/karolowydwor.pl\/nowe-uslugi\/\"]}]},{\"@type\":\"ImageObject\",\"inLanguage\":\"de\",\"@id\":\"https:\/\/karolowydwor.pl\/nowe-uslugi\/#primaryimage\",\"url\":\"https:\/\/karolowydwor.pl\/wp-content\/uploads\/2026\/01\/Sauna-zima-1-747x1024.png\",\"contentUrl\":\"https:\/\/karolowydwor.pl\/wp-content\/uploads\/2026\/01\/Sauna-zima-1-747x1024.png\"},{\"@type\":\"BreadcrumbList\",\"@id\":\"https:\/\/karolowydwor.pl\/nowe-uslugi\/#breadcrumb\",\"itemListElement\":[{\"@type\":\"ListItem\",\"position\":1,\"name\":\"Home\",\"item\":\"https:\/\/karolowydwor.pl\/\"},{\"@type\":\"ListItem\",\"position\":2,\"name\":\"Nowe us\u0142ugi\"}]},{\"@type\":\"WebSite\",\"@id\":\"https:\/\/karolowydwor.pl\/#website\",\"url\":\"https:\/\/karolowydwor.pl\/\",\"name\":\"Karolowy Dw\u00f3r\",\"description\":\"\",\"publisher\":{\"@id\":\"https:\/\/karolowydwor.pl\/#organization\"},\"potentialAction\":[{\"@type\":\"SearchAction\",\"target\":{\"@type\":\"EntryPoint\",\"urlTemplate\":\"https:\/\/karolowydwor.pl\/?s={search_term_string}\"},\"query-input\":{\"@type\":\"PropertyValueSpecification\",\"valueRequired\":true,\"valueName\":\"search_term_string\"}}],\"inLanguage\":\"de\"},{\"@type\":\"Organization\",\"@id\":\"https:\/\/karolowydwor.pl\/#organization\",\"name\":\"Karolowy Dw\u00f3r\",\"url\":\"https:\/\/karolowydwor.pl\/\",\"logo\":{\"@type\":\"ImageObject\",\"inLanguage\":\"de\",\"@id\":\"https:\/\/karolowydwor.pl\/#\/schema\/logo\/image\/\",\"url\":\"https:\/\/karolowydwor.pl\/wp-content\/uploads\/2025\/06\/avatar.png\",\"contentUrl\":\"https:\/\/karolowydwor.pl\/wp-content\/uploads\/2025\/06\/avatar.png\",\"width\":1080,\"height\":1080,\"caption\":\"Karolowy Dw\u00f3r\"},\"image\":{\"@id\":\"https:\/\/karolowydwor.pl\/#\/schema\/logo\/image\/\"}}]}<\/script>\n<!-- \/ Yoast SEO plugin. -->","yoast_head_json":{"title":"Nowe us\u0142ugi - Karolowy Dw\u00f3r","robots":{"index":"index","follow":"follow","max-snippet":"max-snippet:-1","max-image-preview":"max-image-preview:large","max-video-preview":"max-video-preview:-1"},"canonical":"https:\/\/karolowydwor.pl\/de\/nowe-uslugi\/","og_locale":"de_DE","og_type":"article","og_title":"Nowe us\u0142ugi - Karolowy Dw\u00f3r","og_description":"Nowe us\u0142ugi, w Karolowym Dworze Od 2026 r. w Karolowym Dworze dost\u0119pna jest nowa oferta us\u0142ug. Po wi\u0119cej szczeg\u00f3\u0142\u00f3w zapraszamy do kontaktu. Nowe us\u0142ugi Zobacz nowo\u015bci Zewn\u0119trzne Spa Ca\u0142oroczne spa na \u015bwie\u017cym powietrzu, wyposa\u017cone w komfortowe meble ogrodowe i oferuj\u0105ce widok na g\u00f3ry. Us\u0142uga jest skierowana do Go\u015bci szukaj\u0105cych relaksu i regeneracji oraz podnosi atrakcyjno\u015b\u0107 [&hellip;]","og_url":"https:\/\/karolowydwor.pl\/de\/nowe-uslugi\/","og_site_name":"Karolowy Dw\u00f3r","article_modified_time":"2026-01-26T12:37:58+00:00","og_image":[{"width":864,"height":1184,"url":"https:\/\/karolowydwor.pl\/wp-content\/uploads\/2026\/01\/Sauna-zima-1.png","type":"image\/png"}],"twitter_card":"summary_large_image","twitter_misc":{"Gesch\u00e4tzte Lesezeit":"1\u00a0Minute"},"schema":{"@context":"https:\/\/schema.org","@graph":[{"@type":"WebPage","@id":"https:\/\/karolowydwor.pl\/nowe-uslugi\/","url":"https:\/\/karolowydwor.pl\/nowe-uslugi\/","name":"Nowe us\u0142ugi - Karolowy Dw\u00f3r","isPartOf":{"@id":"https:\/\/karolowydwor.pl\/#website"},"primaryImageOfPage":{"@id":"https:\/\/karolowydwor.pl\/nowe-uslugi\/#primaryimage"},"image":{"@id":"https:\/\/karolowydwor.pl\/nowe-uslugi\/#primaryimage"},"thumbnailUrl":"https:\/\/karolowydwor.pl\/wp-content\/uploads\/2026\/01\/Sauna-zima-1-747x1024.png","datePublished":"2026-01-26T11:49:24+00:00","dateModified":"2026-01-26T12:37:58+00:00","breadcrumb":{"@id":"https:\/\/karolowydwor.pl\/nowe-uslugi\/#breadcrumb"},"inLanguage":"de","potentialAction":[{"@type":"ReadAction","target":["https:\/\/karolowydwor.pl\/nowe-uslugi\/"]}]},{"@type":"ImageObject","inLanguage":"de","@id":"https:\/\/karolowydwor.pl\/nowe-uslugi\/#primaryimage","url":"https:\/\/karolowydwor.pl\/wp-content\/uploads\/2026\/01\/Sauna-zima-1-747x1024.png","contentUrl":"https:\/\/karolowydwor.pl\/wp-content\/uploads\/2026\/01\/Sauna-zima-1-747x1024.png"},{"@type":"BreadcrumbList","@id":"https:\/\/karolowydwor.pl\/nowe-uslugi\/#breadcrumb","itemListElement":[{"@type":"ListItem","position":1,"name":"Home","item":"https:\/\/karolowydwor.pl\/"},{"@type":"ListItem","position":2,"name":"Nowe us\u0142ugi"}]},{"@type":"WebSite","@id":"https:\/\/karolowydwor.pl\/#website","url":"https:\/\/karolowydwor.pl\/","name":"Karolowy Dw\u00f3r","description":"","publisher":{"@id":"https:\/\/karolowydwor.pl\/#organization"},"potentialAction":[{"@type":"SearchAction","target":{"@type":"EntryPoint","urlTemplate":"https:\/\/karolowydwor.pl\/?s={search_term_string}"},"query-input":{"@type":"PropertyValueSpecification","valueRequired":true,"valueName":"search_term_string"}}],"inLanguage":"de"},{"@type":"Organization","@id":"https:\/\/karolowydwor.pl\/#organization","name":"Karolowy Dw\u00f3r","url":"https:\/\/karolowydwor.pl\/","logo":{"@type":"ImageObject","inLanguage":"de","@id":"https:\/\/karolowydwor.pl\/#\/schema\/logo\/image\/","url":"https:\/\/karolowydwor.pl\/wp-content\/uploads\/2025\/06\/avatar.png","contentUrl":"https:\/\/karolowydwor.pl\/wp-content\/uploads\/2025\/06\/avatar.png","width":1080,"height":1080,"caption":"Karolowy Dw\u00f3r"},"image":{"@id":"https:\/\/karolowydwor.pl\/#\/schema\/logo\/image\/"}}]}},"_links":{"self":[{"href":"https:\/\/karolowydwor.pl\/de\/wp-json\/wp\/v2\/pages\/1956","targetHints":{"allow":["GET"]}}],"collection":[{"href":"https:\/\/karolowydwor.pl\/de\/wp-json\/wp\/v2\/pages"}],"about":[{"href":"https:\/\/karolowydwor.pl\/de\/wp-json\/wp\/v2\/types\/page"}],"author":[{"embeddable":true,"href":"https:\/\/karolowydwor.pl\/de\/wp-json\/wp\/v2\/users\/1"}],"replies":[{"embeddable":true,"href":"https:\/\/karolowydwor.pl\/de\/wp-json\/wp\/v2\/comments?post=1956"}],"version-history":[{"count":0,"href":"https:\/\/karolowydwor.pl\/de\/wp-json\/wp\/v2\/pages\/1956\/revisions"}],"wp:attachment":[{"href":"https:\/\/karolowydwor.pl\/de\/wp-json\/wp\/v2\/media?parent=1956"}],"curies":[{"name":"wp","href":"https:\/\/api.w.org\/{rel}","templated":true}]}}