{"id":2019,"date":"2026-03-22T05:52:54","date_gmt":"2026-03-22T04:52:54","guid":{"rendered":"https:\/\/karolowydwor.pl\/?page_id=2019"},"modified":"2026-03-22T06:01:45","modified_gmt":"2026-03-22T05:01:45","slug":"piernikowa-chata","status":"publish","type":"page","link":"https:\/\/karolowydwor.pl\/en\/piernikowa-chata\/","title":{"rendered":"Gingerbread Hut"},"content":{"rendered":"<div data-elementor-type=\"wp-page\" data-elementor-id=\"2019\" class=\"elementor elementor-2019\" data-elementor-post-type=\"page\">\n\t\t\t\t<div class=\"elementor-element elementor-element-f17d468 e-flex e-con-boxed e-con e-parent\" data-id=\"f17d468\" data-element_type=\"container\" data-settings=\"{&quot;background_background&quot;:&quot;slideshow&quot;,&quot;background_slideshow_gallery&quot;:[{&quot;id&quot;:789,&quot;url&quot;:&quot;https:\\\/\\\/karolowydwor.pl\\\/wp-content\\\/smush-webp\\\/2025\\\/09\\\/IMG_1020_z_ludzmi.png.webp&quot;},{&quot;id&quot;:792,&quot;url&quot;:&quot;https:\\\/\\\/karolowydwor.pl\\\/wp-content\\\/smush-webp\\\/2025\\\/09\\\/dji_fly_20250103_094626_0065_1735894663427_photo-scaled.jpg.webp&quot;}],&quot;background_slideshow_ken_burns&quot;:&quot;yes&quot;,&quot;background_slideshow_loop&quot;:&quot;yes&quot;,&quot;background_slideshow_slide_duration&quot;:5000,&quot;background_slideshow_slide_transition&quot;:&quot;fade&quot;,&quot;background_slideshow_transition_duration&quot;:500,&quot;background_slideshow_ken_burns_zoom_direction&quot;:&quot;in&quot;}\">\n\t\t\t\t\t<div class=\"e-con-inner\">\n\t\t<div class=\"elementor-element elementor-element-cd536ea e-con-full e-flex e-con e-child\" data-id=\"cd536ea\" data-element_type=\"container\">\n\t\t<div class=\"elementor-element elementor-element-675ca73 e-con-full e-flex elementor-invisible e-con e-child\" data-id=\"675ca73\" data-element_type=\"container\" data-settings=\"{&quot;animation&quot;:&quot;fadeInLeft&quot;}\">\n\t\t\t\t<div class=\"elementor-element elementor-element-6b8c762 elementor-widget elementor-widget-elementskit-heading\" data-id=\"6b8c762\" data-element_type=\"widget\" data-widget_type=\"elementskit-heading.default\">\n\t\t\t\t\t<div class=\"ekit-wid-con\" ><div class=\"ekit-heading elementskit-section-title-wraper text_left   ekit_heading_tablet-   ekit_heading_mobile-\"><h2 class=\"ekit-heading--title elementskit-section-title\">Gallery - Gingerbread House<\/h2><\/div><\/div>\t\t\t\t<\/div>\n\t\t\t\t<div class=\"elementor-element elementor-element-0d95059 elementor-widget elementor-widget-text-editor\" data-id=\"0d95059\" data-element_type=\"widget\" data-widget_type=\"text-editor.default\">\n\t\t\t\t\t\t\t\t\t<p>Original interiors, highland character and an atmosphere that cannot be faked. We invite you to come inside.<\/p>\t\t\t\t\t\t\t\t<\/div>\n\t\t\t\t<\/div>\n\t\t<div class=\"elementor-element elementor-element-7fc001c e-con-full e-flex elementor-invisible e-con e-child\" data-id=\"7fc001c\" data-element_type=\"container\" data-settings=\"{&quot;animation&quot;:&quot;fadeInRight&quot;}\">\n\t\t<div class=\"elementor-element elementor-element-438eae5 e-con-full e-flex e-con e-child\" data-id=\"438eae5\" data-element_type=\"container\" data-settings=\"{&quot;background_background&quot;:&quot;classic&quot;}\">\n\t\t\t\t<div class=\"elementor-element elementor-element-481da70 elementor-widget elementor-widget-text-editor\" data-id=\"481da70\" data-element_type=\"widget\" data-widget_type=\"text-editor.default\">\n\t\t\t\t\t\t\t\t\t<p>Take a look inside<\/p>\t\t\t\t\t\t\t\t<\/div>\n\t\t\t\t<\/div>\n\t\t\t\t<\/div>\n\t\t\t\t<\/div>\n\t\t\t\t\t<\/div>\n\t\t\t\t<\/div>\n\t\t<div class=\"elementor-element elementor-element-ed4564b e-flex e-con-boxed e-con e-parent\" data-id=\"ed4564b\" data-element_type=\"container\">\n\t\t\t\t\t<div class=\"e-con-inner\">\n\t\t<div class=\"elementor-element elementor-element-4b69d46 e-con-full e-flex elementor-invisible e-con e-child\" data-id=\"4b69d46\" data-element_type=\"container\" data-settings=\"{&quot;animation&quot;:&quot;fadeInRight&quot;,&quot;animation_delay&quot;:400}\">\n\t\t\t\t<div class=\"elementor-element elementor-element-53d6f9e elementor-widget elementor-widget-gallery\" data-id=\"53d6f9e\" data-element_type=\"widget\" data-settings=\"{&quot;gallery_layout&quot;:&quot;justified&quot;,&quot;lazyload&quot;:&quot;yes&quot;,&quot;ideal_row_height&quot;:{&quot;unit&quot;:&quot;px&quot;,&quot;size&quot;:200,&quot;sizes&quot;:[]},&quot;ideal_row_height_tablet&quot;:{&quot;unit&quot;:&quot;px&quot;,&quot;size&quot;:150,&quot;sizes&quot;:[]},&quot;ideal_row_height_mobile&quot;:{&quot;unit&quot;:&quot;px&quot;,&quot;size&quot;:150,&quot;sizes&quot;:[]},&quot;gap&quot;:{&quot;unit&quot;:&quot;px&quot;,&quot;size&quot;:10,&quot;sizes&quot;:[]},&quot;gap_tablet&quot;:{&quot;unit&quot;:&quot;px&quot;,&quot;size&quot;:10,&quot;sizes&quot;:[]},&quot;gap_mobile&quot;:{&quot;unit&quot;:&quot;px&quot;,&quot;size&quot;:10,&quot;sizes&quot;:[]},&quot;link_to&quot;:&quot;file&quot;,&quot;overlay_background&quot;:&quot;yes&quot;,&quot;content_hover_animation&quot;:&quot;fade-in&quot;}\" data-widget_type=\"gallery.default\">\n\t\t\t\t\t\t\t<div class=\"elementor-gallery__container\">\n\t\t\t\t\t\t\t<a class=\"e-gallery-item elementor-gallery-item elementor-animated-content\" href=\"https:\/\/karolowydwor.pl\/wp-content\/smush-webp\/2026\/03\/DSC01611.jpg.webp\" data-elementor-open-lightbox=\"yes\" data-elementor-lightbox-slideshow=\"53d6f9e\" data-elementor-lightbox-title=\"DSC01611\" data-e-action-hash=\"#elementor-action%3Aaction%3Dlightbox%26settings%3DeyJpZCI6MjA2NywidXJsIjoiaHR0cHM6XC9cL2thcm9sb3d5ZHdvci5wbFwvd3AtY29udGVudFwvdXBsb2Fkc1wvMjAyNlwvMDNcL0RTQzAxNjExLmpwZyIsInNsaWRlc2hvdyI6IjUzZDZmOWUifQ%3D%3D\">\n\t\t\t\t\t<div class=\"e-gallery-image elementor-gallery-item__image\" data-thumbnail=\"https:\/\/karolowydwor.pl\/wp-content\/smush-webp\/2026\/03\/DSC01611-768x512.jpg.webp\" data-width=\"768\" data-height=\"512\" aria-label=\"\" role=\"img\" ><\/div>\n\t\t\t\t\t\t\t\t\t\t\t<div class=\"elementor-gallery-item__overlay\"><\/div>\n\t\t\t\t\t\t\t\t\t\t\t\t\t\t<\/a>\n\t\t\t\t\t\t\t<a class=\"e-gallery-item elementor-gallery-item elementor-animated-content\" href=\"https:\/\/karolowydwor.pl\/wp-content\/smush-webp\/2026\/03\/DSC01644.jpg.webp\" data-elementor-open-lightbox=\"yes\" data-elementor-lightbox-slideshow=\"53d6f9e\" data-elementor-lightbox-title=\"DSC01644\" data-e-action-hash=\"#elementor-action%3Aaction%3Dlightbox%26settings%3DeyJpZCI6MjA2OCwidXJsIjoiaHR0cHM6XC9cL2thcm9sb3d5ZHdvci5wbFwvd3AtY29udGVudFwvdXBsb2Fkc1wvMjAyNlwvMDNcL0RTQzAxNjQ0LmpwZyIsInNsaWRlc2hvdyI6IjUzZDZmOWUifQ%3D%3D\">\n\t\t\t\t\t<div class=\"e-gallery-image elementor-gallery-item__image\" data-thumbnail=\"https:\/\/karolowydwor.pl\/wp-content\/smush-webp\/2026\/03\/DSC01644-768x512.jpg.webp\" data-width=\"768\" data-height=\"512\" aria-label=\"\" role=\"img\" ><\/div>\n\t\t\t\t\t\t\t\t\t\t\t<div class=\"elementor-gallery-item__overlay\"><\/div>\n\t\t\t\t\t\t\t\t\t\t\t\t\t\t<\/a>\n\t\t\t\t\t\t\t<a class=\"e-gallery-item elementor-gallery-item elementor-animated-content\" href=\"https:\/\/karolowydwor.pl\/wp-content\/smush-webp\/2026\/03\/DSC01649.jpg.webp\" data-elementor-open-lightbox=\"yes\" data-elementor-lightbox-slideshow=\"53d6f9e\" data-elementor-lightbox-title=\"DSC01649\" data-e-action-hash=\"#elementor-action%3Aaction%3Dlightbox%26settings%3DeyJpZCI6MjA2OSwidXJsIjoiaHR0cHM6XC9cL2thcm9sb3d5ZHdvci5wbFwvd3AtY29udGVudFwvdXBsb2Fkc1wvMjAyNlwvMDNcL0RTQzAxNjQ5LmpwZyIsInNsaWRlc2hvdyI6IjUzZDZmOWUifQ%3D%3D\">\n\t\t\t\t\t<div class=\"e-gallery-image elementor-gallery-item__image\" data-thumbnail=\"https:\/\/karolowydwor.pl\/wp-content\/smush-webp\/2026\/03\/DSC01649-768x512.jpg.webp\" data-width=\"768\" data-height=\"512\" aria-label=\"\" role=\"img\" ><\/div>\n\t\t\t\t\t\t\t\t\t\t\t<div class=\"elementor-gallery-item__overlay\"><\/div>\n\t\t\t\t\t\t\t\t\t\t\t\t\t\t<\/a>\n\t\t\t\t\t\t\t<a class=\"e-gallery-item elementor-gallery-item elementor-animated-content\" href=\"https:\/\/karolowydwor.pl\/wp-content\/smush-webp\/2026\/03\/DSC01655.jpg.webp\" data-elementor-open-lightbox=\"yes\" data-elementor-lightbox-slideshow=\"53d6f9e\" data-elementor-lightbox-title=\"DSC01655\" data-e-action-hash=\"#elementor-action%3Aaction%3Dlightbox%26settings%3DeyJpZCI6MjA3MCwidXJsIjoiaHR0cHM6XC9cL2thcm9sb3d5ZHdvci5wbFwvd3AtY29udGVudFwvdXBsb2Fkc1wvMjAyNlwvMDNcL0RTQzAxNjU1LmpwZyIsInNsaWRlc2hvdyI6IjUzZDZmOWUifQ%3D%3D\">\n\t\t\t\t\t<div class=\"e-gallery-image elementor-gallery-item__image\" data-thumbnail=\"https:\/\/karolowydwor.pl\/wp-content\/smush-webp\/2026\/03\/DSC01655-768x512.jpg.webp\" data-width=\"768\" data-height=\"512\" aria-label=\"\" role=\"img\" ><\/div>\n\t\t\t\t\t\t\t\t\t\t\t<div class=\"elementor-gallery-item__overlay\"><\/div>\n\t\t\t\t\t\t\t\t\t\t\t\t\t\t<\/a>\n\t\t\t\t\t\t\t<a class=\"e-gallery-item elementor-gallery-item elementor-animated-content\" href=\"https:\/\/karolowydwor.pl\/wp-content\/smush-webp\/2026\/03\/DSC01699.jpg.webp\" data-elementor-open-lightbox=\"yes\" data-elementor-lightbox-slideshow=\"53d6f9e\" data-elementor-lightbox-title=\"DSC01699\" data-e-action-hash=\"#elementor-action%3Aaction%3Dlightbox%26settings%3DeyJpZCI6MjA3MSwidXJsIjoiaHR0cHM6XC9cL2thcm9sb3d5ZHdvci5wbFwvd3AtY29udGVudFwvdXBsb2Fkc1wvMjAyNlwvMDNcL0RTQzAxNjk5LmpwZyIsInNsaWRlc2hvdyI6IjUzZDZmOWUifQ%3D%3D\">\n\t\t\t\t\t<div class=\"e-gallery-image elementor-gallery-item__image\" data-thumbnail=\"https:\/\/karolowydwor.pl\/wp-content\/smush-webp\/2026\/03\/DSC01699-768x512.jpg.webp\" data-width=\"768\" data-height=\"512\" aria-label=\"\" role=\"img\" ><\/div>\n\t\t\t\t\t\t\t\t\t\t\t<div class=\"elementor-gallery-item__overlay\"><\/div>\n\t\t\t\t\t\t\t\t\t\t\t\t\t\t<\/a>\n\t\t\t\t\t\t\t<a class=\"e-gallery-item elementor-gallery-item elementor-animated-content\" href=\"https:\/\/karolowydwor.pl\/wp-content\/smush-webp\/2026\/03\/DSC01705.jpg.webp\" data-elementor-open-lightbox=\"yes\" data-elementor-lightbox-slideshow=\"53d6f9e\" data-elementor-lightbox-title=\"DSC01705\" data-e-action-hash=\"#elementor-action%3Aaction%3Dlightbox%26settings%3DeyJpZCI6MjA3MiwidXJsIjoiaHR0cHM6XC9cL2thcm9sb3d5ZHdvci5wbFwvd3AtY29udGVudFwvdXBsb2Fkc1wvMjAyNlwvMDNcL0RTQzAxNzA1LmpwZyIsInNsaWRlc2hvdyI6IjUzZDZmOWUifQ%3D%3D\">\n\t\t\t\t\t<div class=\"e-gallery-image elementor-gallery-item__image\" data-thumbnail=\"https:\/\/karolowydwor.pl\/wp-content\/smush-webp\/2026\/03\/DSC01705-768x512.jpg.webp\" data-width=\"768\" data-height=\"512\" aria-label=\"\" role=\"img\" ><\/div>\n\t\t\t\t\t\t\t\t\t\t\t<div class=\"elementor-gallery-item__overlay\"><\/div>\n\t\t\t\t\t\t\t\t\t\t\t\t\t\t<\/a>\n\t\t\t\t\t\t\t<a class=\"e-gallery-item elementor-gallery-item elementor-animated-content\" href=\"https:\/\/karolowydwor.pl\/wp-content\/smush-webp\/2026\/03\/DSC02512.jpg.webp\" data-elementor-open-lightbox=\"yes\" data-elementor-lightbox-slideshow=\"53d6f9e\" data-elementor-lightbox-title=\"DSC02512\" data-e-action-hash=\"#elementor-action%3Aaction%3Dlightbox%26settings%3DeyJpZCI6MjA3MywidXJsIjoiaHR0cHM6XC9cL2thcm9sb3d5ZHdvci5wbFwvd3AtY29udGVudFwvdXBsb2Fkc1wvMjAyNlwvMDNcL0RTQzAyNTEyLmpwZyIsInNsaWRlc2hvdyI6IjUzZDZmOWUifQ%3D%3D\">\n\t\t\t\t\t<div class=\"e-gallery-image elementor-gallery-item__image\" data-thumbnail=\"https:\/\/karolowydwor.pl\/wp-content\/smush-webp\/2026\/03\/DSC02512-768x512.jpg.webp\" data-width=\"768\" data-height=\"512\" aria-label=\"\" role=\"img\" ><\/div>\n\t\t\t\t\t\t\t\t\t\t\t<div class=\"elementor-gallery-item__overlay\"><\/div>\n\t\t\t\t\t\t\t\t\t\t\t\t\t\t<\/a>\n\t\t\t\t\t\t\t<a class=\"e-gallery-item elementor-gallery-item elementor-animated-content\" href=\"https:\/\/karolowydwor.pl\/wp-content\/smush-webp\/2026\/03\/IMG_3792-scaled.jpg.webp\" data-elementor-open-lightbox=\"yes\" data-elementor-lightbox-slideshow=\"53d6f9e\" data-elementor-lightbox-title=\"IMG_3792\" data-e-action-hash=\"#elementor-action%3Aaction%3Dlightbox%26settings%3DeyJpZCI6MjA3NCwidXJsIjoiaHR0cHM6XC9cL2thcm9sb3d5ZHdvci5wbFwvd3AtY29udGVudFwvdXBsb2Fkc1wvMjAyNlwvMDNcL0lNR18zNzkyLXNjYWxlZC5qcGciLCJzbGlkZXNob3ciOiI1M2Q2ZjllIn0%3D\">\n\t\t\t\t\t<div class=\"e-gallery-image elementor-gallery-item__image\" data-thumbnail=\"https:\/\/karolowydwor.pl\/wp-content\/smush-webp\/2026\/03\/IMG_3792-768x1024.jpg.webp\" data-width=\"768\" data-height=\"1024\" aria-label=\"\" role=\"img\" ><\/div>\n\t\t\t\t\t\t\t\t\t\t\t<div class=\"elementor-gallery-item__overlay\"><\/div>\n\t\t\t\t\t\t\t\t\t\t\t\t\t\t<\/a>\n\t\t\t\t\t\t\t<a class=\"e-gallery-item elementor-gallery-item elementor-animated-content\" href=\"https:\/\/karolowydwor.pl\/wp-content\/smush-webp\/2026\/03\/IMG_4890-scaled.jpg.webp\" data-elementor-open-lightbox=\"yes\" data-elementor-lightbox-slideshow=\"53d6f9e\" data-elementor-lightbox-title=\"IMG_4890\" data-e-action-hash=\"#elementor-action%3Aaction%3Dlightbox%26settings%3DeyJpZCI6MjA3OCwidXJsIjoiaHR0cHM6XC9cL2thcm9sb3d5ZHdvci5wbFwvd3AtY29udGVudFwvdXBsb2Fkc1wvMjAyNlwvMDNcL0lNR180ODkwLXNjYWxlZC5qcGciLCJzbGlkZXNob3ciOiI1M2Q2ZjllIn0%3D\">\n\t\t\t\t\t<div class=\"e-gallery-image elementor-gallery-item__image\" data-thumbnail=\"https:\/\/karolowydwor.pl\/wp-content\/smush-webp\/2026\/03\/IMG_4890-768x1024.jpg.webp\" data-width=\"768\" data-height=\"1024\" aria-label=\"\" role=\"img\" ><\/div>\n\t\t\t\t\t\t\t\t\t\t\t<div class=\"elementor-gallery-item__overlay\"><\/div>\n\t\t\t\t\t\t\t\t\t\t\t\t\t\t<\/a>\n\t\t\t\t\t\t\t<a class=\"e-gallery-item elementor-gallery-item elementor-animated-content\" href=\"https:\/\/karolowydwor.pl\/wp-content\/smush-webp\/2026\/03\/IMG_7445-scaled.jpg.webp\" data-elementor-open-lightbox=\"yes\" data-elementor-lightbox-slideshow=\"53d6f9e\" data-elementor-lightbox-title=\"IMG_7445\" data-e-action-hash=\"#elementor-action%3Aaction%3Dlightbox%26settings%3DeyJpZCI6MjA3OSwidXJsIjoiaHR0cHM6XC9cL2thcm9sb3d5ZHdvci5wbFwvd3AtY29udGVudFwvdXBsb2Fkc1wvMjAyNlwvMDNcL0lNR183NDQ1LXNjYWxlZC5qcGciLCJzbGlkZXNob3ciOiI1M2Q2ZjllIn0%3D\">\n\t\t\t\t\t<div class=\"e-gallery-image elementor-gallery-item__image\" data-thumbnail=\"https:\/\/karolowydwor.pl\/wp-content\/smush-webp\/2026\/03\/IMG_7445-768x1055.jpg.webp\" data-width=\"768\" data-height=\"1055\" aria-label=\"\" role=\"img\" ><\/div>\n\t\t\t\t\t\t\t\t\t\t\t<div class=\"elementor-gallery-item__overlay\"><\/div>\n\t\t\t\t\t\t\t\t\t\t\t\t\t\t<\/a>\n\t\t\t\t\t\t\t<a class=\"e-gallery-item elementor-gallery-item elementor-animated-content\" href=\"https:\/\/karolowydwor.pl\/wp-content\/smush-webp\/2026\/03\/IMG_7446-scaled.jpg.webp\" data-elementor-open-lightbox=\"yes\" data-elementor-lightbox-slideshow=\"53d6f9e\" data-elementor-lightbox-title=\"IMG_7446\" data-e-action-hash=\"#elementor-action%3Aaction%3Dlightbox%26settings%3DeyJpZCI6MjA4MCwidXJsIjoiaHR0cHM6XC9cL2thcm9sb3d5ZHdvci5wbFwvd3AtY29udGVudFwvdXBsb2Fkc1wvMjAyNlwvMDNcL0lNR183NDQ2LXNjYWxlZC5qcGciLCJzbGlkZXNob3ciOiI1M2Q2ZjllIn0%3D\">\n\t\t\t\t\t<div class=\"e-gallery-image elementor-gallery-item__image\" data-thumbnail=\"https:\/\/karolowydwor.pl\/wp-content\/smush-webp\/2026\/03\/IMG_7446-768x953.jpg.webp\" data-width=\"768\" data-height=\"953\" aria-label=\"\" role=\"img\" ><\/div>\n\t\t\t\t\t\t\t\t\t\t\t<div class=\"elementor-gallery-item__overlay\"><\/div>\n\t\t\t\t\t\t\t\t\t\t\t\t\t\t<\/a>\n\t\t\t\t\t\t\t<a class=\"e-gallery-item elementor-gallery-item elementor-animated-content\" href=\"https:\/\/karolowydwor.pl\/wp-content\/smush-webp\/2026\/03\/IMG_9255-scaled.jpg.webp\" data-elementor-open-lightbox=\"yes\" data-elementor-lightbox-slideshow=\"53d6f9e\" data-elementor-lightbox-title=\"IMG_9255\" data-e-action-hash=\"#elementor-action%3Aaction%3Dlightbox%26settings%3DeyJpZCI6MjA4MiwidXJsIjoiaHR0cHM6XC9cL2thcm9sb3d5ZHdvci5wbFwvd3AtY29udGVudFwvdXBsb2Fkc1wvMjAyNlwvMDNcL0lNR185MjU1LXNjYWxlZC5qcGciLCJzbGlkZXNob3ciOiI1M2Q2ZjllIn0%3D\">\n\t\t\t\t\t<div class=\"e-gallery-image elementor-gallery-item__image\" data-thumbnail=\"https:\/\/karolowydwor.pl\/wp-content\/smush-webp\/2026\/03\/IMG_9255-768x1024.jpg.webp\" data-width=\"768\" data-height=\"1024\" aria-label=\"\" role=\"img\" ><\/div>\n\t\t\t\t\t\t\t\t\t\t\t<div class=\"elementor-gallery-item__overlay\"><\/div>\n\t\t\t\t\t\t\t\t\t\t\t\t\t\t<\/a>\n\t\t\t\t\t<\/div>\n\t\t\t\t\t<\/div>\n\t\t\t\t<\/div>\n\t\t\t\t\t<\/div>\n\t\t\t\t<\/div>\n\t\t\t\t<\/div>","protected":false},"excerpt":{"rendered":"<p>Galeria &#8211; Piernikowa Chata Oryginalne wn\u0119trza, g\u00f3ralski charakter i atmosfera, kt\u00f3rej nie da si\u0119 podrobi\u0107. Zapraszamy do \u015brodka. Zajrzyj do \u015brodka<\/p>","protected":false},"author":1,"featured_media":0,"parent":0,"menu_order":0,"comment_status":"closed","ping_status":"closed","template":"","meta":{"_monsterinsights_skip_tracking":false,"_monsterinsights_sitenote_active":false,"_monsterinsights_sitenote_note":"","_monsterinsights_sitenote_category":0,"footnotes":""},"class_list":["post-2019","page","type-page","status-publish","hentry"],"yoast_head":"<!-- This site is optimized with the Yoast SEO plugin v25.9 - https:\/\/yoast.com\/wordpress\/plugins\/seo\/ -->\n<title>Piernikowa Chata - Karolowy Dw\u00f3r<\/title>\n<meta name=\"robots\" content=\"index, follow, max-snippet:-1, max-image-preview:large, max-video-preview:-1\" \/>\n<link rel=\"canonical\" href=\"https:\/\/karolowydwor.pl\/en\/piernikowa-chata\/\" \/>\n<meta property=\"og:locale\" content=\"en_US\" \/>\n<meta property=\"og:type\" content=\"article\" \/>\n<meta property=\"og:title\" content=\"Piernikowa Chata - Karolowy Dw\u00f3r\" \/>\n<meta property=\"og:description\" content=\"Galeria &#8211; Piernikowa Chata Oryginalne wn\u0119trza, g\u00f3ralski charakter i atmosfera, kt\u00f3rej nie da si\u0119 podrobi\u0107. Zapraszamy do \u015brodka. Zajrzyj do \u015brodka\" \/>\n<meta property=\"og:url\" content=\"https:\/\/karolowydwor.pl\/en\/piernikowa-chata\/\" \/>\n<meta property=\"og:site_name\" content=\"Karolowy Dw\u00f3r\" \/>\n<meta property=\"article:modified_time\" content=\"2026-03-22T05:01:45+00:00\" \/>\n<meta name=\"twitter:card\" content=\"summary_large_image\" \/>\n<meta name=\"twitter:label1\" content=\"Est. reading time\" \/>\n\t<meta name=\"twitter:data1\" content=\"1 minute\" \/>\n<script type=\"application\/ld+json\" class=\"yoast-schema-graph\">{\"@context\":\"https:\/\/schema.org\",\"@graph\":[{\"@type\":\"WebPage\",\"@id\":\"https:\/\/karolowydwor.pl\/piernikowa-chata\/\",\"url\":\"https:\/\/karolowydwor.pl\/piernikowa-chata\/\",\"name\":\"Piernikowa Chata - Karolowy Dw\u00f3r\",\"isPartOf\":{\"@id\":\"https:\/\/karolowydwor.pl\/#website\"},\"datePublished\":\"2026-03-22T04:52:54+00:00\",\"dateModified\":\"2026-03-22T05:01:45+00:00\",\"breadcrumb\":{\"@id\":\"https:\/\/karolowydwor.pl\/piernikowa-chata\/#breadcrumb\"},\"inLanguage\":\"en-US\",\"potentialAction\":[{\"@type\":\"ReadAction\",\"target\":[\"https:\/\/karolowydwor.pl\/piernikowa-chata\/\"]}]},{\"@type\":\"BreadcrumbList\",\"@id\":\"https:\/\/karolowydwor.pl\/piernikowa-chata\/#breadcrumb\",\"itemListElement\":[{\"@type\":\"ListItem\",\"position\":1,\"name\":\"Home\",\"item\":\"https:\/\/karolowydwor.pl\/\"},{\"@type\":\"ListItem\",\"position\":2,\"name\":\"Piernikowa Chata\"}]},{\"@type\":\"WebSite\",\"@id\":\"https:\/\/karolowydwor.pl\/#website\",\"url\":\"https:\/\/karolowydwor.pl\/\",\"name\":\"Karolowy Dw\u00f3r\",\"description\":\"\",\"publisher\":{\"@id\":\"https:\/\/karolowydwor.pl\/#organization\"},\"potentialAction\":[{\"@type\":\"SearchAction\",\"target\":{\"@type\":\"EntryPoint\",\"urlTemplate\":\"https:\/\/karolowydwor.pl\/?s={search_term_string}\"},\"query-input\":{\"@type\":\"PropertyValueSpecification\",\"valueRequired\":true,\"valueName\":\"search_term_string\"}}],\"inLanguage\":\"en-US\"},{\"@type\":\"Organization\",\"@id\":\"https:\/\/karolowydwor.pl\/#organization\",\"name\":\"Karolowy Dw\u00f3r\",\"url\":\"https:\/\/karolowydwor.pl\/\",\"logo\":{\"@type\":\"ImageObject\",\"inLanguage\":\"en-US\",\"@id\":\"https:\/\/karolowydwor.pl\/#\/schema\/logo\/image\/\",\"url\":\"https:\/\/karolowydwor.pl\/wp-content\/uploads\/2025\/06\/avatar.png\",\"contentUrl\":\"https:\/\/karolowydwor.pl\/wp-content\/uploads\/2025\/06\/avatar.png\",\"width\":1080,\"height\":1080,\"caption\":\"Karolowy Dw\u00f3r\"},\"image\":{\"@id\":\"https:\/\/karolowydwor.pl\/#\/schema\/logo\/image\/\"}}]}<\/script>\n<!-- \/ Yoast SEO plugin. -->","yoast_head_json":{"title":"Piernikowa Chata - Karolowy Dw\u00f3r","robots":{"index":"index","follow":"follow","max-snippet":"max-snippet:-1","max-image-preview":"max-image-preview:large","max-video-preview":"max-video-preview:-1"},"canonical":"https:\/\/karolowydwor.pl\/en\/piernikowa-chata\/","og_locale":"en_US","og_type":"article","og_title":"Piernikowa Chata - Karolowy Dw\u00f3r","og_description":"Galeria &#8211; Piernikowa Chata Oryginalne wn\u0119trza, g\u00f3ralski charakter i atmosfera, kt\u00f3rej nie da si\u0119 podrobi\u0107. Zapraszamy do \u015brodka. Zajrzyj do \u015brodka","og_url":"https:\/\/karolowydwor.pl\/en\/piernikowa-chata\/","og_site_name":"Karolowy Dw\u00f3r","article_modified_time":"2026-03-22T05:01:45+00:00","twitter_card":"summary_large_image","twitter_misc":{"Est. reading time":"1 minute"},"schema":{"@context":"https:\/\/schema.org","@graph":[{"@type":"WebPage","@id":"https:\/\/karolowydwor.pl\/piernikowa-chata\/","url":"https:\/\/karolowydwor.pl\/piernikowa-chata\/","name":"Piernikowa Chata - Karolowy Dw\u00f3r","isPartOf":{"@id":"https:\/\/karolowydwor.pl\/#website"},"datePublished":"2026-03-22T04:52:54+00:00","dateModified":"2026-03-22T05:01:45+00:00","breadcrumb":{"@id":"https:\/\/karolowydwor.pl\/piernikowa-chata\/#breadcrumb"},"inLanguage":"en-US","potentialAction":[{"@type":"ReadAction","target":["https:\/\/karolowydwor.pl\/piernikowa-chata\/"]}]},{"@type":"BreadcrumbList","@id":"https:\/\/karolowydwor.pl\/piernikowa-chata\/#breadcrumb","itemListElement":[{"@type":"ListItem","position":1,"name":"Home","item":"https:\/\/karolowydwor.pl\/"},{"@type":"ListItem","position":2,"name":"Piernikowa Chata"}]},{"@type":"WebSite","@id":"https:\/\/karolowydwor.pl\/#website","url":"https:\/\/karolowydwor.pl\/","name":"Charles Manor","description":"","publisher":{"@id":"https:\/\/karolowydwor.pl\/#organization"},"potentialAction":[{"@type":"SearchAction","target":{"@type":"EntryPoint","urlTemplate":"https:\/\/karolowydwor.pl\/?s={search_term_string}"},"query-input":{"@type":"PropertyValueSpecification","valueRequired":true,"valueName":"search_term_string"}}],"inLanguage":"en-US"},{"@type":"Organization","@id":"https:\/\/karolowydwor.pl\/#organization","name":"Charles Manor","url":"https:\/\/karolowydwor.pl\/","logo":{"@type":"ImageObject","inLanguage":"en-US","@id":"https:\/\/karolowydwor.pl\/#\/schema\/logo\/image\/","url":"https:\/\/karolowydwor.pl\/wp-content\/uploads\/2025\/06\/avatar.png","contentUrl":"https:\/\/karolowydwor.pl\/wp-content\/uploads\/2025\/06\/avatar.png","width":1080,"height":1080,"caption":"Karolowy Dw\u00f3r"},"image":{"@id":"https:\/\/karolowydwor.pl\/#\/schema\/logo\/image\/"}}]}},"_links":{"self":[{"href":"https:\/\/karolowydwor.pl\/en\/wp-json\/wp\/v2\/pages\/2019","targetHints":{"allow":["GET"]}}],"collection":[{"href":"https:\/\/karolowydwor.pl\/en\/wp-json\/wp\/v2\/pages"}],"about":[{"href":"https:\/\/karolowydwor.pl\/en\/wp-json\/wp\/v2\/types\/page"}],"author":[{"embeddable":true,"href":"https:\/\/karolowydwor.pl\/en\/wp-json\/wp\/v2\/users\/1"}],"replies":[{"embeddable":true,"href":"https:\/\/karolowydwor.pl\/en\/wp-json\/wp\/v2\/comments?post=2019"}],"version-history":[{"count":0,"href":"https:\/\/karolowydwor.pl\/en\/wp-json\/wp\/v2\/pages\/2019\/revisions"}],"wp:attachment":[{"href":"https:\/\/karolowydwor.pl\/en\/wp-json\/wp\/v2\/media?parent=2019"}],"curies":[{"name":"wp","href":"https:\/\/api.w.org\/{rel}","templated":true}]}}