{"id":1573,"date":"2025-12-12T10:18:25","date_gmt":"2025-12-12T09:18:25","guid":{"rendered":"https:\/\/karolowydwor.pl\/?page_id=1573"},"modified":"2026-01-07T13:49:34","modified_gmt":"2026-01-07T12:49:34","slug":"realizujemy-projekt-z-kpo-nextgenerationeu","status":"publish","type":"page","link":"https:\/\/karolowydwor.pl\/sk\/realizujemy-projekt-z-kpo-nextgenerationeu\/","title":{"rendered":"Realizujeme projekt s KPO (NextGenerationEU)"},"content":{"rendered":"<div data-elementor-type=\"wp-page\" data-elementor-id=\"1573\" class=\"elementor elementor-1573\" data-elementor-post-type=\"page\">\n\t\t\t\t<div class=\"elementor-element elementor-element-2779daf e-flex e-con-boxed e-con e-parent\" data-id=\"2779daf\" data-element_type=\"container\" data-settings=\"{&quot;background_background&quot;:&quot;classic&quot;}\">\n\t\t\t\t\t<div class=\"e-con-inner\">\n\t\t<div class=\"elementor-element elementor-element-7c33444 e-con-full e-flex e-con e-child\" data-id=\"7c33444\" data-element_type=\"container\">\n\t\t<div class=\"elementor-element elementor-element-add24de e-con-full e-flex elementor-invisible e-con e-child\" data-id=\"add24de\" data-element_type=\"container\" data-settings=\"{&quot;animation&quot;:&quot;fadeInLeft&quot;}\">\n\t\t\t\t<div class=\"elementor-element elementor-element-c4d5522 elementor-widget elementor-widget-elementskit-heading\" data-id=\"c4d5522\" data-element_type=\"widget\" data-widget_type=\"elementskit-heading.default\">\n\t\t\t\t\t<div class=\"ekit-wid-con\" ><div class=\"ekit-heading elementskit-section-title-wraper text_left   ekit_heading_tablet-   ekit_heading_mobile-\"><\/div><\/div>\t\t\t\t<\/div>\n\t\t\t\t<\/div>\n\t\t<div class=\"elementor-element elementor-element-3caa3cd e-con-full e-flex elementor-invisible e-con e-child\" data-id=\"3caa3cd\" data-element_type=\"container\" data-settings=\"{&quot;animation&quot;:&quot;fadeInRight&quot;}\">\n\t\t\t\t<\/div>\n\t\t\t\t<\/div>\n\t\t\t\t\t<\/div>\n\t\t\t\t<\/div>\n\t\t<div class=\"elementor-element elementor-element-02e8b05 e-flex e-con-boxed e-con e-parent\" data-id=\"02e8b05\" data-element_type=\"container\">\n\t\t\t\t\t<div class=\"e-con-inner\">\n\t\t\t\t<div class=\"elementor-element elementor-element-0393b8b elementor-widget elementor-widget-text-editor\" data-id=\"0393b8b\" data-element_type=\"widget\" data-widget_type=\"text-editor.default\">\n\t\t\t\t\t\t\t\t\t<p><strong data-start=\"365\" data-end=\"401\">Projekt s KPO (NextGenerationEU)<\/strong><br data-start=\"401\" data-end=\"404\" \/>Karczma Regionalna \"U KAROLA\" (PROCNER MIROS\u0141AW KARCZMA REGIONALNA \"U KAROLA\") realizuje projekt v r\u00e1mci N\u00e1rodn\u00e9ho pl\u00e1nu obnovy (NextGenerationEU), ktor\u00e9ho cie\u013eom je zv\u00fd\u0161i\u0165 odolnos\u0165 podniku a zlep\u0161i\u0165 energetick\u00fa \u00fa\u010dinnos\u0165 zariadenia. Rozsah zah\u0155\u0148a v\u00fdstavbu celoro\u010dnej k\u00fape\u013enej z\u00f3ny, v\u00fdstavbu zastre\u0161enia baz\u00e9na, in\u0161tal\u00e1ciu fotovoltaiky na podporu nap\u00e1jania infra\u0161trukt\u00fary (vr\u00e1tane nab\u00edja\u010diek elektrobicyklov) a moderniz\u00e1ciu zariadenia na uzavret\u00e9 podujatia. Projekt bude pr\u00ednosom pre host\u00ed a z\u00e1kazn\u00edkov zariadenia vr\u00e1tane t\u00fdch, ktor\u00ed vyu\u017e\u00edvaj\u00fa k\u00fape\u013en\u00fa oblas\u0165 a turistick\u00fa infra\u0161trukt\u00faru. <strong data-start=\"1039\" data-end=\"1075\">Hodnota opr\u00e1vnen\u00fdch n\u00e1kladov:<\/strong> 553 508,61 PLN. <strong data-start=\"1091\" data-end=\"1115\">Financovanie zo strany E\u00da:<\/strong> PLN 498 157,76.<\/p>\t\t\t\t\t\t\t\t<\/div>\n\t\t\t\t\t<\/div>\n\t\t\t\t<\/div>\n\t\t\t\t<\/div>","protected":false},"excerpt":{"rendered":"<p>Projekt s KPO (NextGenerationEU)Karczma Regionalna \u201eU KAROLA\u201d (PROCNER MIROS\u0141AW KARCZMA REGIONALNA \u201eU KAROLA\u201d) realizuje projekt v r\u00e1mci N\u00e1rodn\u00e9ho pl\u00e1nu obnovy (NextGenerationEU), ktor\u00e9ho cie\u013eom je zv\u00fd\u0161i\u0165 odolnos\u0165 podniku a zlep\u0161i\u0165 energetick\u00fa \u00fa\u010dinnos\u0165 zariadenia. Rozsah projektu zah\u0155\u0148a v\u00fdstavbu celoro\u010dnej k\u00fape\u013enej z\u00f3ny, v\u00fdstavbu zastre\u0161enia baz\u00e9na, in\u0161tal\u00e1ciu fotovoltaiky na podporu nap\u00e1jania infra\u0161trukt\u00fary (vr\u00e1tane nab\u00edja\u010diek pre elektrick\u00e9 bicykle) a moderniz\u00e1ciu [...]<\/p>","protected":false},"author":1,"featured_media":1468,"parent":0,"menu_order":0,"comment_status":"closed","ping_status":"closed","template":"","meta":{"_monsterinsights_skip_tracking":false,"_monsterinsights_sitenote_active":false,"_monsterinsights_sitenote_note":"","_monsterinsights_sitenote_category":0,"footnotes":""},"class_list":["post-1573","page","type-page","status-publish","has-post-thumbnail","hentry"],"yoast_head":"<!-- This site is optimized with the Yoast SEO plugin v25.9 - https:\/\/yoast.com\/wordpress\/plugins\/seo\/ -->\n<title>Realizujemy projekt z KPO (NextGenerationEU) - Karolowy Dw\u00f3r<\/title>\n<meta name=\"robots\" content=\"index, follow, max-snippet:-1, max-image-preview:large, max-video-preview:-1\" \/>\n<link rel=\"canonical\" href=\"https:\/\/karolowydwor.pl\/sk\/realizujemy-projekt-z-kpo-nextgenerationeu\/\" \/>\n<meta property=\"og:locale\" content=\"sk_SK\" \/>\n<meta property=\"og:type\" content=\"article\" \/>\n<meta property=\"og:title\" content=\"Realizujemy projekt z KPO (NextGenerationEU) - Karolowy Dw\u00f3r\" \/>\n<meta property=\"og:description\" content=\"Projekt z KPO (NextGenerationEU)Karczma Regionalna \u201eU Karola\u201d (PROCNER MIROS\u0141AW KARCZMA REGIONALNA \u201eU KAROLA\u201d) realizuje przedsi\u0119wzi\u0119cie w ramach Krajowego Planu Odbudowy (NextGenerationEU), kt\u00f3rego celem jest zwi\u0119kszenie odporno\u015bci przedsi\u0119biorstwa i poprawa efektywno\u015bci energetycznej obiektu. Zakres obejmuje budow\u0119 ca\u0142orocznej strefy SPA, wykonanie zadaszenia basenu, instalacj\u0119 fotowoltaiki wspieraj\u0105cej zasilanie infrastruktury (w tym \u0142adowarek do rower\u00f3w elektrycznych) oraz doposa\u017cenie obiektu [&hellip;]\" \/>\n<meta property=\"og:url\" content=\"https:\/\/karolowydwor.pl\/sk\/realizujemy-projekt-z-kpo-nextgenerationeu\/\" \/>\n<meta property=\"og:site_name\" content=\"Karolowy Dw\u00f3r\" \/>\n<meta property=\"article:modified_time\" content=\"2026-01-07T12:49:34+00:00\" \/>\n<meta property=\"og:image\" content=\"https:\/\/karolowydwor.pl\/wp-content\/uploads\/2025\/10\/dji_fly_20250103_093000_0039_1735894826907_photo.webp\" \/>\n\t<meta property=\"og:image:width\" content=\"1920\" \/>\n\t<meta property=\"og:image:height\" content=\"1440\" \/>\n\t<meta property=\"og:image:type\" content=\"image\/webp\" \/>\n<meta name=\"twitter:card\" content=\"summary_large_image\" \/>\n<meta name=\"twitter:label1\" content=\"Predpokladan\u00fd \u010das \u010d\u00edtania\" \/>\n\t<meta name=\"twitter:data1\" content=\"1 min\u00fata\" \/>\n<script type=\"application\/ld+json\" class=\"yoast-schema-graph\">{\"@context\":\"https:\/\/schema.org\",\"@graph\":[{\"@type\":\"WebPage\",\"@id\":\"https:\/\/karolowydwor.pl\/realizujemy-projekt-z-kpo-nextgenerationeu\/\",\"url\":\"https:\/\/karolowydwor.pl\/realizujemy-projekt-z-kpo-nextgenerationeu\/\",\"name\":\"Realizujemy projekt z KPO (NextGenerationEU) - Karolowy Dw\u00f3r\",\"isPartOf\":{\"@id\":\"https:\/\/karolowydwor.pl\/#website\"},\"primaryImageOfPage\":{\"@id\":\"https:\/\/karolowydwor.pl\/realizujemy-projekt-z-kpo-nextgenerationeu\/#primaryimage\"},\"image\":{\"@id\":\"https:\/\/karolowydwor.pl\/realizujemy-projekt-z-kpo-nextgenerationeu\/#primaryimage\"},\"thumbnailUrl\":\"https:\/\/karolowydwor.pl\/wp-content\/uploads\/2025\/10\/dji_fly_20250103_093000_0039_1735894826907_photo.webp\",\"datePublished\":\"2025-12-12T09:18:25+00:00\",\"dateModified\":\"2026-01-07T12:49:34+00:00\",\"breadcrumb\":{\"@id\":\"https:\/\/karolowydwor.pl\/realizujemy-projekt-z-kpo-nextgenerationeu\/#breadcrumb\"},\"inLanguage\":\"sk-SK\",\"potentialAction\":[{\"@type\":\"ReadAction\",\"target\":[\"https:\/\/karolowydwor.pl\/realizujemy-projekt-z-kpo-nextgenerationeu\/\"]}]},{\"@type\":\"ImageObject\",\"inLanguage\":\"sk-SK\",\"@id\":\"https:\/\/karolowydwor.pl\/realizujemy-projekt-z-kpo-nextgenerationeu\/#primaryimage\",\"url\":\"https:\/\/karolowydwor.pl\/wp-content\/uploads\/2025\/10\/dji_fly_20250103_093000_0039_1735894826907_photo.webp\",\"contentUrl\":\"https:\/\/karolowydwor.pl\/wp-content\/uploads\/2025\/10\/dji_fly_20250103_093000_0039_1735894826907_photo.webp\",\"width\":1920,\"height\":1440},{\"@type\":\"BreadcrumbList\",\"@id\":\"https:\/\/karolowydwor.pl\/realizujemy-projekt-z-kpo-nextgenerationeu\/#breadcrumb\",\"itemListElement\":[{\"@type\":\"ListItem\",\"position\":1,\"name\":\"Home\",\"item\":\"https:\/\/karolowydwor.pl\/\"},{\"@type\":\"ListItem\",\"position\":2,\"name\":\"Realizujemy projekt z KPO (NextGenerationEU)\"}]},{\"@type\":\"WebSite\",\"@id\":\"https:\/\/karolowydwor.pl\/#website\",\"url\":\"https:\/\/karolowydwor.pl\/\",\"name\":\"Karolowy Dw\u00f3r\",\"description\":\"\",\"publisher\":{\"@id\":\"https:\/\/karolowydwor.pl\/#organization\"},\"potentialAction\":[{\"@type\":\"SearchAction\",\"target\":{\"@type\":\"EntryPoint\",\"urlTemplate\":\"https:\/\/karolowydwor.pl\/?s={search_term_string}\"},\"query-input\":{\"@type\":\"PropertyValueSpecification\",\"valueRequired\":true,\"valueName\":\"search_term_string\"}}],\"inLanguage\":\"sk-SK\"},{\"@type\":\"Organization\",\"@id\":\"https:\/\/karolowydwor.pl\/#organization\",\"name\":\"Karolowy Dw\u00f3r\",\"url\":\"https:\/\/karolowydwor.pl\/\",\"logo\":{\"@type\":\"ImageObject\",\"inLanguage\":\"sk-SK\",\"@id\":\"https:\/\/karolowydwor.pl\/#\/schema\/logo\/image\/\",\"url\":\"https:\/\/karolowydwor.pl\/wp-content\/uploads\/2025\/06\/avatar.png\",\"contentUrl\":\"https:\/\/karolowydwor.pl\/wp-content\/uploads\/2025\/06\/avatar.png\",\"width\":1080,\"height\":1080,\"caption\":\"Karolowy Dw\u00f3r\"},\"image\":{\"@id\":\"https:\/\/karolowydwor.pl\/#\/schema\/logo\/image\/\"}}]}<\/script>\n<!-- \/ Yoast SEO plugin. -->","yoast_head_json":{"title":"Realizujemy projekt z KPO (NextGenerationEU) - Karolowy Dw\u00f3r","robots":{"index":"index","follow":"follow","max-snippet":"max-snippet:-1","max-image-preview":"max-image-preview:large","max-video-preview":"max-video-preview:-1"},"canonical":"https:\/\/karolowydwor.pl\/sk\/realizujemy-projekt-z-kpo-nextgenerationeu\/","og_locale":"sk_SK","og_type":"article","og_title":"Realizujemy projekt z KPO (NextGenerationEU) - Karolowy Dw\u00f3r","og_description":"Projekt z KPO (NextGenerationEU)Karczma Regionalna \u201eU Karola\u201d (PROCNER MIROS\u0141AW KARCZMA REGIONALNA \u201eU KAROLA\u201d) realizuje przedsi\u0119wzi\u0119cie w ramach Krajowego Planu Odbudowy (NextGenerationEU), kt\u00f3rego celem jest zwi\u0119kszenie odporno\u015bci przedsi\u0119biorstwa i poprawa efektywno\u015bci energetycznej obiektu. Zakres obejmuje budow\u0119 ca\u0142orocznej strefy SPA, wykonanie zadaszenia basenu, instalacj\u0119 fotowoltaiki wspieraj\u0105cej zasilanie infrastruktury (w tym \u0142adowarek do rower\u00f3w elektrycznych) oraz doposa\u017cenie obiektu [&hellip;]","og_url":"https:\/\/karolowydwor.pl\/sk\/realizujemy-projekt-z-kpo-nextgenerationeu\/","og_site_name":"Karolowy Dw\u00f3r","article_modified_time":"2026-01-07T12:49:34+00:00","og_image":[{"width":1920,"height":1440,"url":"https:\/\/karolowydwor.pl\/wp-content\/uploads\/2025\/10\/dji_fly_20250103_093000_0039_1735894826907_photo.webp","type":"image\/webp"}],"twitter_card":"summary_large_image","twitter_misc":{"Predpokladan\u00fd \u010das \u010d\u00edtania":"1 min\u00fata"},"schema":{"@context":"https:\/\/schema.org","@graph":[{"@type":"WebPage","@id":"https:\/\/karolowydwor.pl\/realizujemy-projekt-z-kpo-nextgenerationeu\/","url":"https:\/\/karolowydwor.pl\/realizujemy-projekt-z-kpo-nextgenerationeu\/","name":"Realizujemy projekt z KPO (NextGenerationEU) - Karolowy Dw\u00f3r","isPartOf":{"@id":"https:\/\/karolowydwor.pl\/#website"},"primaryImageOfPage":{"@id":"https:\/\/karolowydwor.pl\/realizujemy-projekt-z-kpo-nextgenerationeu\/#primaryimage"},"image":{"@id":"https:\/\/karolowydwor.pl\/realizujemy-projekt-z-kpo-nextgenerationeu\/#primaryimage"},"thumbnailUrl":"https:\/\/karolowydwor.pl\/wp-content\/uploads\/2025\/10\/dji_fly_20250103_093000_0039_1735894826907_photo.webp","datePublished":"2025-12-12T09:18:25+00:00","dateModified":"2026-01-07T12:49:34+00:00","breadcrumb":{"@id":"https:\/\/karolowydwor.pl\/realizujemy-projekt-z-kpo-nextgenerationeu\/#breadcrumb"},"inLanguage":"sk-SK","potentialAction":[{"@type":"ReadAction","target":["https:\/\/karolowydwor.pl\/realizujemy-projekt-z-kpo-nextgenerationeu\/"]}]},{"@type":"ImageObject","inLanguage":"sk-SK","@id":"https:\/\/karolowydwor.pl\/realizujemy-projekt-z-kpo-nextgenerationeu\/#primaryimage","url":"https:\/\/karolowydwor.pl\/wp-content\/uploads\/2025\/10\/dji_fly_20250103_093000_0039_1735894826907_photo.webp","contentUrl":"https:\/\/karolowydwor.pl\/wp-content\/uploads\/2025\/10\/dji_fly_20250103_093000_0039_1735894826907_photo.webp","width":1920,"height":1440},{"@type":"BreadcrumbList","@id":"https:\/\/karolowydwor.pl\/realizujemy-projekt-z-kpo-nextgenerationeu\/#breadcrumb","itemListElement":[{"@type":"ListItem","position":1,"name":"Home","item":"https:\/\/karolowydwor.pl\/"},{"@type":"ListItem","position":2,"name":"Realizujemy projekt z KPO (NextGenerationEU)"}]},{"@type":"WebSite","@id":"https:\/\/karolowydwor.pl\/#website","url":"https:\/\/karolowydwor.pl\/","name":"Karolowy Dw\u00f3r","description":"","publisher":{"@id":"https:\/\/karolowydwor.pl\/#organization"},"potentialAction":[{"@type":"SearchAction","target":{"@type":"EntryPoint","urlTemplate":"https:\/\/karolowydwor.pl\/?s={search_term_string}"},"query-input":{"@type":"PropertyValueSpecification","valueRequired":true,"valueName":"search_term_string"}}],"inLanguage":"sk-SK"},{"@type":"Organization","@id":"https:\/\/karolowydwor.pl\/#organization","name":"Karolowy Dw\u00f3r","url":"https:\/\/karolowydwor.pl\/","logo":{"@type":"ImageObject","inLanguage":"sk-SK","@id":"https:\/\/karolowydwor.pl\/#\/schema\/logo\/image\/","url":"https:\/\/karolowydwor.pl\/wp-content\/uploads\/2025\/06\/avatar.png","contentUrl":"https:\/\/karolowydwor.pl\/wp-content\/uploads\/2025\/06\/avatar.png","width":1080,"height":1080,"caption":"Karolowy Dw\u00f3r"},"image":{"@id":"https:\/\/karolowydwor.pl\/#\/schema\/logo\/image\/"}}]}},"_links":{"self":[{"href":"https:\/\/karolowydwor.pl\/sk\/wp-json\/wp\/v2\/pages\/1573","targetHints":{"allow":["GET"]}}],"collection":[{"href":"https:\/\/karolowydwor.pl\/sk\/wp-json\/wp\/v2\/pages"}],"about":[{"href":"https:\/\/karolowydwor.pl\/sk\/wp-json\/wp\/v2\/types\/page"}],"author":[{"embeddable":true,"href":"https:\/\/karolowydwor.pl\/sk\/wp-json\/wp\/v2\/users\/1"}],"replies":[{"embeddable":true,"href":"https:\/\/karolowydwor.pl\/sk\/wp-json\/wp\/v2\/comments?post=1573"}],"version-history":[{"count":0,"href":"https:\/\/karolowydwor.pl\/sk\/wp-json\/wp\/v2\/pages\/1573\/revisions"}],"wp:featuredmedia":[{"embeddable":true,"href":"https:\/\/karolowydwor.pl\/sk\/wp-json\/wp\/v2\/media\/1468"}],"wp:attachment":[{"href":"https:\/\/karolowydwor.pl\/sk\/wp-json\/wp\/v2\/media?parent=1573"}],"curies":[{"name":"wp","href":"https:\/\/api.w.org\/{rel}","templated":true}]}}