{"id":3,"date":"2025-05-23T17:25:17","date_gmt":"2025-05-23T15:25:17","guid":{"rendered":"https:\/\/karolowydwor.pl\/?page_id=3"},"modified":"2026-01-07T20:23:58","modified_gmt":"2026-01-07T19:23:58","slug":"polityka-prywatnosci","status":"publish","type":"page","link":"https:\/\/karolowydwor.pl\/sk\/polityka-prywatnosci\/","title":{"rendered":"Z\u00e1sady ochrany osobn\u00fdch \u00fadajov"},"content":{"rendered":"<div data-elementor-type=\"wp-page\" data-elementor-id=\"3\" class=\"elementor elementor-3\" data-elementor-post-type=\"page\">\n\t\t\t\t<div class=\"elementor-element elementor-element-f18e23a e-flex e-con-boxed e-con e-parent\" data-id=\"f18e23a\" data-element_type=\"container\" data-settings=\"{&quot;background_background&quot;:&quot;classic&quot;}\">\n\t\t\t\t\t<div class=\"e-con-inner\">\n\t\t<div class=\"elementor-element elementor-element-2ad194e e-con-full e-flex e-con e-child\" data-id=\"2ad194e\" data-element_type=\"container\">\n\t\t<div class=\"elementor-element elementor-element-88840ea e-con-full e-flex elementor-invisible e-con e-child\" data-id=\"88840ea\" data-element_type=\"container\" data-settings=\"{&quot;animation&quot;:&quot;fadeInLeft&quot;}\">\n\t\t\t\t<div class=\"elementor-element elementor-element-600f2b8 elementor-widget elementor-widget-elementskit-heading\" data-id=\"600f2b8\" data-element_type=\"widget\" data-widget_type=\"elementskit-heading.default\">\n\t\t\t\t\t<div class=\"ekit-wid-con\" ><div class=\"ekit-heading elementskit-section-title-wraper text_left   ekit_heading_tablet-   ekit_heading_mobile-\"><h2 class=\"ekit-heading--title elementskit-section-title\">Z\u00e1le\u017e\u00ed n\u00e1m na va\u0161om s\u00fakrom\u00ed, <span><span>\u00e1no<\/span><\/span> ako napr. <span><span>o va\u0161om<\/span><\/span> komfort<\/h2><\/div><\/div>\t\t\t\t<\/div>\n\t\t\t\t<div class=\"elementor-element elementor-element-7de09f2 elementor-widget elementor-widget-text-editor\" data-id=\"7de09f2\" data-element_type=\"widget\" data-widget_type=\"text-editor.default\">\n\t\t\t\t\t\t\t\t\t<p>Va\u0161a d\u00f4vera je pre n\u00e1s z\u00e1kladom. Ni\u017e\u0161ie jednoducho a zrozumite\u013ene vysvet\u013eujeme, ako chr\u00e1nime va\u0161e \u00fadaje a pre\u010do s\u00fa u n\u00e1s v bezpe\u010d\u00ed.<\/p>\t\t\t\t\t\t\t\t<\/div>\n\t\t\t\t<\/div>\n\t\t<div class=\"elementor-element elementor-element-5a09568 e-con-full e-flex elementor-invisible e-con e-child\" data-id=\"5a09568\" data-element_type=\"container\" data-settings=\"{&quot;animation&quot;:&quot;fadeInRight&quot;}\">\n\t\t<div class=\"elementor-element elementor-element-ccb3c3d e-con-full e-flex e-con e-child\" data-id=\"ccb3c3d\" data-element_type=\"container\" data-settings=\"{&quot;background_background&quot;:&quot;classic&quot;}\">\n\t\t\t\t<div class=\"elementor-element elementor-element-fb695ed elementor-widget elementor-widget-text-editor\" data-id=\"fb695ed\" data-element_type=\"widget\" data-widget_type=\"text-editor.default\">\n\t\t\t\t\t\t\t\t\t<p><a href=\"#\">Domov<\/a> \/ Z\u00e1sady ochrany osobn\u00fdch \u00fadajov<\/p>\t\t\t\t\t\t\t\t<\/div>\n\t\t\t\t<\/div>\n\t\t\t\t<\/div>\n\t\t\t\t<\/div>\n\t\t\t\t\t<\/div>\n\t\t\t\t<\/div>\n\t\t<div class=\"elementor-element elementor-element-7857af34 e-flex e-con-boxed e-con e-parent\" data-id=\"7857af34\" data-element_type=\"container\">\n\t\t\t\t\t<div class=\"e-con-inner\">\n\t\t\t\t<div class=\"elementor-element elementor-element-1f46e945 elementor-widget elementor-widget-text-editor\" data-id=\"1f46e945\" data-element_type=\"widget\" data-widget_type=\"text-editor.default\">\n\t\t\t\t\t\t\t\t\t\n<div class=\"wpb_text_column wpb_content_element\">\n<div class=\"wpb_wrapper\">\n<p class=\"code-line\" dir=\"auto\" data-line=\"2\"><strong>I. V\u0161eobecn\u00e9 ustanovenia<\/strong><\/p>\n<ol class=\"code-line\" dir=\"auto\" data-line=\"4\">\n<li class=\"code-line\" dir=\"auto\" data-line=\"4\">Z\u00e1sady ochrany osobn\u00fdch \u00fadajov stanovuj\u00fa, ako sa zhroma\u017e\u010fuj\u00fa, sprac\u00favaj\u00fa a uchov\u00e1vaj\u00fa osobn\u00e9 \u00fadaje pou\u017e\u00edvate\u013eov potrebn\u00e9 na poskytovanie elektronick\u00fdch slu\u017eieb prostredn\u00edctvom webovej str\u00e1nky.\u00a0<a href=\"https:\/\/karolowydwor.pl\/sk\/\" data-href=\"https:\/\/karolowydwor.pl\/\">https:\/\/karolowydwor.pl\/<\/a>\u00a0(\u010falej len \"slu\u017eba\").<\/li>\n<li class=\"code-line\" dir=\"auto\" data-line=\"5\">Webov\u00e1 str\u00e1nka zhroma\u017e\u010fuje len osobn\u00e9 \u00fadaje potrebn\u00e9 na poskytovanie a rozvoj slu\u017eieb, ktor\u00e9 pon\u00faka.<\/li>\n<li class=\"code-line\" dir=\"auto\" data-line=\"6\">Osobn\u00e9 \u00fadaje z\u00edskan\u00e9 prostredn\u00edctvom Slu\u017eby sa sprac\u00favaj\u00fa v s\u00falade s nariaden\u00edm Eur\u00f3pskeho parlamentu a Rady (E\u00da) 2016\/679 z 27. apr\u00edla 2016 o ochrane fyzick\u00fdch os\u00f4b pri sprac\u00favan\u00ed osobn\u00fdch \u00fadajov a o vo\u013enom pohybe tak\u00fdchto \u00fadajov, ktor\u00fdm sa zru\u0161uje smernica 95\/46\/ES (v\u0161eobecn\u00e9 nariadenie o ochrane \u00fadajov, \u010falej len \"RODO\") a z\u00e1konom o ochrane osobn\u00fdch \u00fadajov z 10. m\u00e1ja 2018.<\/li>\n<\/ol>\n<p class=\"code-line\" dir=\"auto\" data-line=\"8\"><strong>II. Spr\u00e1vca \u00fadajov<\/strong><\/p>\n<p class=\"code-line\" dir=\"auto\" data-line=\"10\">Spr\u00e1vcom osobn\u00fdch \u00fadajov z\u00edskan\u00fdch prostredn\u00edctvom webovej str\u00e1nky je PROCNER MIROS\u0141AW KARCZMA REGIONALNA \"U KAROLA\", adresa: Kopyd\u0142o 117, 43-460 Wis\u0142a, NIP: 5481106191, REGON: 072393667, e-mailov\u00e1 adresa: ul:\u00a0<a href=\"mailto:kontakt@karolowydwor.pl\" data-href=\"mailto:kontakt@karolowydwor.pl\">kontakt@karolowydwor.pl<\/a>\u00a0(\u010falej len \"spr\u00e1vca\").<\/p>\n<p class=\"code-line\" dir=\"auto\" data-line=\"12\"><strong>III. \u00da\u010del zhroma\u017e\u010fovania osobn\u00fdch \u00fadajov<\/strong><\/p>\n<ol class=\"code-line\" dir=\"auto\" data-line=\"14\">\n<li class=\"code-line\" dir=\"auto\" data-line=\"14\">Osobn\u00e9 \u00fadaje sa pou\u017e\u00edvaj\u00fa na:\n<ul class=\"code-line\" dir=\"auto\" data-line=\"15\">\n<li class=\"code-line\" dir=\"auto\" data-line=\"15\">registr\u00e1cia \u00fa\u010dtu a overenie toto\u017enosti pou\u017e\u00edvate\u013ea,<\/li>\n<li class=\"code-line\" dir=\"auto\" data-line=\"16\">aby ste sa mohli prihl\u00e1si\u0165 na webov\u00e9 s\u00eddlo,<\/li>\n<li class=\"code-line\" dir=\"auto\" data-line=\"17\">realiz\u00e1cia zmluvy o stravovac\u00edch slu\u017eb\u00e1ch a elektronick\u00fdch slu\u017eb\u00e1ch,<\/li>\n<li class=\"code-line\" dir=\"auto\" data-line=\"18\">vybavovanie rezerv\u00e1ci\u00ed stolov a objedn\u00e1vok,<\/li>\n<li class=\"code-line\" dir=\"auto\" data-line=\"19\">komunik\u00e1cia s pou\u017e\u00edvate\u013eom (livechat, kontaktn\u00fd formul\u00e1r, telef\u00f3n)<\/li>\n<li class=\"code-line\" dir=\"auto\" data-line=\"20\">zasielanie informa\u010dn\u00e9ho bulletinu (so s\u00fahlasom pou\u017e\u00edvate\u013ea s jeho zasielan\u00edm),<\/li>\n<li class=\"code-line\" dir=\"auto\" data-line=\"21\">spustenie syst\u00e9mu koment\u00e1rov,<\/li>\n<li class=\"code-line\" dir=\"auto\" data-line=\"22\">poskytovanie komunitn\u00fdch slu\u017eieb,<\/li>\n<li class=\"code-line\" dir=\"auto\" data-line=\"23\">propag\u00e1cia ponuky spr\u00e1vcu,<\/li>\n<li class=\"code-line\" dir=\"auto\" data-line=\"24\">marketing, remarketing, afili\u00e1cie,<\/li>\n<li class=\"code-line\" dir=\"auto\" data-line=\"25\">prisp\u00f4sobi\u0165 slu\u017ebu pou\u017e\u00edvate\u013eom,<\/li>\n<li class=\"code-line\" dir=\"auto\" data-line=\"26\">analytick\u00e9 a \u0161tatistick\u00e9 \u010dinnosti,<\/li>\n<li class=\"code-line\" dir=\"auto\" data-line=\"27\">vym\u00e1hanie poh\u013ead\u00e1vok,<\/li>\n<li class=\"code-line\" dir=\"auto\" data-line=\"28\">vytvori\u0165, uplatni\u0165 alebo br\u00e1ni\u0165 sa proti n\u00e1rokom.<\/li>\n<\/ul>\n<\/li>\n<li class=\"code-line\" dir=\"auto\" data-line=\"29\">Poskytnutie \u00fadajov je dobrovo\u013en\u00e9, ale nevyhnutn\u00e9 na uzavretie zmluvy alebo vyu\u017e\u00edvanie in\u00fdch funkci\u00ed webovej lokality.<\/li>\n<\/ol>\n<p class=\"code-line\" dir=\"auto\" data-line=\"31\"><strong>IV. Typ sprac\u00favan\u00fdch osobn\u00fdch \u00fadajov<\/strong><\/p>\n<p class=\"code-line\" dir=\"auto\" data-line=\"33\">Spr\u00e1vca m\u00f4\u017ee sprac\u00fava\u0165 osobn\u00e9 \u00fadaje Pou\u017e\u00edvate\u013ea: meno a priezvisko, adresu bydliska, e-mailov\u00fa adresu, telef\u00f3nne \u010d\u00edslo, DI\u010c (v pr\u00edpade podnikate\u013eskej \u010dinnosti).<\/p>\n<p class=\"code-line\" dir=\"auto\" data-line=\"35\"><strong>V. Obdobie sprac\u00favania osobn\u00fdch \u00fadajov<\/strong><\/p>\n<p class=\"code-line\" dir=\"auto\" data-line=\"37\">Osobn\u00e9 \u00fadaje pou\u017e\u00edvate\u013eov sa bud\u00fa sprac\u00fava\u0165 po\u010das ur\u010dit\u00e9ho obdobia:<\/p>\n<ul class=\"code-line\" dir=\"auto\" data-line=\"39\">\n<li class=\"code-line\" dir=\"auto\" data-line=\"39\">ak je z\u00e1kladom sprac\u00favania \u00fadajov plnenie zmluvy - a\u017e do preml\u010dania n\u00e1rokov po jej splnen\u00ed,<\/li>\n<li class=\"code-line\" dir=\"auto\" data-line=\"40\">ak je sprac\u00favanie \u00fadajov zalo\u017een\u00e9 na s\u00fahlase - do odvolania s\u00fahlasu a po odvolan\u00ed s\u00fahlasu do preml\u010dania n\u00e1rokov.<\/li>\n<\/ul>\n<p class=\"code-line\" dir=\"auto\" data-line=\"42\">V oboch pr\u00edpadoch je preml\u010dacia lehota \u0161es\u0165 rokov a v pr\u00edpade n\u00e1rokov na pravideln\u00e9 d\u00e1vky a n\u00e1rokov s\u00favisiacich s v\u00fdkonom podnikate\u013eskej \u010dinnosti tri roky (ak osobitn\u00e9 ustanovenie nestanovuje inak).<\/p>\n<p class=\"code-line\" dir=\"auto\" data-line=\"44\"><strong>VI. Zdie\u013eanie osobn\u00fdch \u00fadajov<\/strong><\/p>\n<ol class=\"code-line\" dir=\"auto\" data-line=\"46\">\n<li class=\"code-line\" dir=\"auto\" data-line=\"46\">Osobn\u00e9 \u00fadaje pou\u017e\u00edvate\u013eov m\u00f4\u017eu by\u0165 odovzdan\u00e9: subjektom prepojen\u00fdm so spr\u00e1vcom, jeho subdod\u00e1vate\u013eom, subjektom spolupracuj\u00facim so spr\u00e1vcom, napr. spolo\u010dnostiam poskytuj\u00facim elektronick\u00e9 platby, kuri\u00e9rskym\/po\u0161tov\u00fdm slu\u017eb\u00e1m, advok\u00e1tskym kancel\u00e1ri\u00e1m.<\/li>\n<li class=\"code-line\" dir=\"auto\" data-line=\"47\">Osobn\u00e9 \u00fadaje pou\u017e\u00edvate\u013eov sa nepren\u00e1\u0161aj\u00fa mimo Eur\u00f3pskeho hospod\u00e1rskeho priestoru (EHP).<\/li>\n<\/ol>\n<p class=\"code-line\" dir=\"auto\" data-line=\"49\"><strong>VII. Pr\u00e1va pou\u017e\u00edvate\u013eov<\/strong><\/p>\n<ol class=\"code-line\" dir=\"auto\" data-line=\"51\">\n<li class=\"code-line\" dir=\"auto\" data-line=\"51\">Pou\u017e\u00edvate\u013e slu\u017eby m\u00e1 pr\u00e1vo na: pr\u00edstup k obsahu svojich osobn\u00fdch \u00fadajov, opravu, vymazanie, obmedzenie spracovania, prenosnos\u0165, namieta\u0165 proti spracovaniu, kedyko\u013evek odvola\u0165 s\u00fahlas (\u010do nem\u00e1 vplyv na z\u00e1konnos\u0165 spracovania vykonan\u00e9ho na z\u00e1klade s\u00fahlasu pred jeho odvolan\u00edm).<\/li>\n<li class=\"code-line\" dir=\"auto\" data-line=\"52\">Ozn\u00e1menie o opr\u00e1vnen\u00ed pou\u017e\u00edvate\u013ea pod\u013ea t\u00fdchto pr\u00e1v by sa malo zasla\u0165 na t\u00fato adresu\u00a0<a href=\"mailto:kontakt@karolowydwor.pl\" data-href=\"mailto:kontakt@karolowydwor.pl\">kontakt@karolowydwor.pl<\/a>.<\/li>\n<li class=\"code-line\" dir=\"auto\" data-line=\"53\">Spr\u00e1vca \u017eiadosti vyhovie alebo ju odmietne vybavi\u0165 bezodkladne - najnesk\u00f4r do jedn\u00e9ho mesiaca od jej doru\u010denia.<\/li>\n<li class=\"code-line\" dir=\"auto\" data-line=\"54\">Ak sa domnievate, \u017ee sprac\u00favanie \u00fadajov poru\u0161uje va\u0161e pr\u00e1va a slobody (RODO), m\u00e1te pr\u00e1vo poda\u0165 s\u0165a\u017enos\u0165 predsedovi \u00faradu na ochranu \u00fadajov.<\/li>\n<\/ol>\n<p class=\"code-line\" dir=\"auto\" data-line=\"56\"><strong>VIII. Cookies<\/strong><\/p>\n<ol class=\"code-line\" dir=\"auto\" data-line=\"58\">\n<li class=\"code-line\" dir=\"auto\" data-line=\"58\">Webov\u00e9 str\u00e1nky zhroma\u017e\u010fuj\u00fa inform\u00e1cie pomocou s\u00faborov cookie - s\u00faborov cookie rel\u00e1cie, trval\u00fdch s\u00faborov cookie a s\u00faborov cookie tret\u00edch str\u00e1n.<\/li>\n<li class=\"code-line\" dir=\"auto\" data-line=\"59\">Zhroma\u017e\u010fovanie s\u00faborov cookie podporuje spr\u00e1vne poskytovanie slu\u017eieb na webovej lokalite a sl\u00fa\u017ei na \u0161tatistick\u00e9 \u00fa\u010dely.<\/li>\n<li class=\"code-line\" dir=\"auto\" data-line=\"60\">Pou\u017e\u00edvate\u013e m\u00f4\u017ee v nastaveniach svojho prehliada\u010da ur\u010di\u0165, do akej miery m\u00f4\u017eu by\u0165 s\u00fabory cookie v jeho zariaden\u00ed pr\u00edstupn\u00e9.<\/li>\n<\/ol>\n<p class=\"code-line\" dir=\"auto\" data-line=\"62\"><strong>IX. Automatizovan\u00e9 rozhodovanie a profilovanie<\/strong><\/p>\n<ol class=\"code-line\" dir=\"auto\" data-line=\"64\">\n<li class=\"code-line\" dir=\"auto\" data-line=\"64\">\u00dadaje pou\u017e\u00edvate\u013eov sa nesm\u00fa sprac\u00fava\u0165 automatizovan\u00fdm sp\u00f4sobom tak, aby sa na ich z\u00e1klade mohli prij\u00edma\u0165 ak\u00e9ko\u013evek rozhodnutia.<\/li>\n<li class=\"code-line\" dir=\"auto\" data-line=\"65\">\u00dadaje pou\u017e\u00edvate\u013eov sa m\u00f4\u017eu profilova\u0165 s cie\u013eom prisp\u00f4sobi\u0165 obsah a personalizova\u0165 ponuku, ak pou\u017e\u00edvatelia poskytli svoj s\u00fahlas.<\/li>\n<\/ol>\n<p class=\"code-line\" dir=\"auto\" data-line=\"67\"><strong>X. Z\u00e1vere\u010dn\u00e9 ustanovenia<\/strong><\/p>\n<ol class=\"code-line\" dir=\"auto\" data-line=\"69\">\n<li class=\"code-line\" dir=\"auto\" data-line=\"69\">Spr\u00e1vca m\u00e1 pr\u00e1vo vykona\u0165 zmeny v Z\u00e1sad\u00e1ch ochrany osobn\u00fdch \u00fadajov, ale pr\u00e1va pou\u017e\u00edvate\u013eov nebud\u00fa obmedzen\u00e9.<\/li>\n<li class=\"code-line\" dir=\"auto\" data-line=\"70\">Inform\u00e1cie o vykonan\u00fdch zmen\u00e1ch sa objavia vo forme spr\u00e1vy dostupnej na webovej str\u00e1nke.<\/li>\n<li class=\"code-line code-active-line\" dir=\"auto\" data-line=\"71\">V z\u00e1le\u017eitostiach, ktor\u00e9 nie s\u00fa upraven\u00e9 v t\u00fdchto z\u00e1sad\u00e1ch ochrany osobn\u00fdch \u00fadajov, sa uplat\u0148uj\u00fa ustanovenia RODO a ustanovenia po\u013esk\u00e9ho pr\u00e1va.<\/li>\n<\/ol>\n<\/div>\n<\/div>\n<div class=\"wpb_text_column wpb_content_element\">\n<div class=\"wpb_wrapper\">\u00a0<\/div>\n<\/div>\t\t\t\t\t\t\t\t<\/div>\n\t\t\t\t\t<\/div>\n\t\t\t\t<\/div>\n\t\t\t\t<\/div>","protected":false},"excerpt":{"rendered":"<p>Dbamy o Twoj\u0105 prywatno\u015b\u0107, tak jak o Tw\u00f3j komfort Twoje\u00a0zaufanie to dla nas podstawa. Poni\u017cej w prosty i przejrzysty spos\u00f3b wyja\u015bniamy, jak chronimy Twoje dane i dlaczego s\u0105 u nas bezpieczne. Home \/ Polityka Prywatno\u015bci I. Postanowienia og\u00f3lne Polityka prywatno\u015bci okre\u015bla, jak zbierane, przetwarzane i przechowywane s\u0105 dane osobowe U\u017cytkownik\u00f3w niezb\u0119dne do \u015bwiadczenia us\u0142ug drog\u0105 [&hellip;]<\/p>","protected":false},"author":1,"featured_media":1388,"parent":0,"menu_order":0,"comment_status":"closed","ping_status":"closed","template":"","meta":{"_monsterinsights_skip_tracking":false,"_monsterinsights_sitenote_active":false,"_monsterinsights_sitenote_note":"","_monsterinsights_sitenote_category":0,"footnotes":""},"class_list":["post-3","page","type-page","status-publish","has-post-thumbnail","hentry"],"yoast_head":"<!-- This site is optimized with the Yoast SEO plugin v25.9 - https:\/\/yoast.com\/wordpress\/plugins\/seo\/ -->\n<title>Polityka prywatno\u015bci - Karolowy Dw\u00f3r<\/title>\n<meta name=\"robots\" content=\"index, follow, max-snippet:-1, max-image-preview:large, max-video-preview:-1\" \/>\n<link rel=\"canonical\" href=\"https:\/\/karolowydwor.pl\/sk\/polityka-prywatnosci\/\" \/>\n<meta property=\"og:locale\" content=\"sk_SK\" \/>\n<meta property=\"og:type\" content=\"article\" \/>\n<meta property=\"og:title\" content=\"Polityka prywatno\u015bci - Karolowy Dw\u00f3r\" \/>\n<meta property=\"og:description\" content=\"Dbamy o Twoj\u0105 prywatno\u015b\u0107, tak jak o Tw\u00f3j komfort Twoje\u00a0zaufanie to dla nas podstawa. Poni\u017cej w prosty i przejrzysty spos\u00f3b wyja\u015bniamy, jak chronimy Twoje dane i dlaczego s\u0105 u nas bezpieczne. Home \/ Polityka Prywatno\u015bci I. Postanowienia og\u00f3lne Polityka prywatno\u015bci okre\u015bla, jak zbierane, przetwarzane i przechowywane s\u0105 dane osobowe U\u017cytkownik\u00f3w niezb\u0119dne do \u015bwiadczenia us\u0142ug drog\u0105 [&hellip;]\" \/>\n<meta property=\"og:url\" content=\"https:\/\/karolowydwor.pl\/sk\/polityka-prywatnosci\/\" \/>\n<meta property=\"og:site_name\" content=\"Karolowy Dw\u00f3r\" \/>\n<meta property=\"article:modified_time\" content=\"2026-01-07T19:23:58+00:00\" \/>\n<meta property=\"og:image\" content=\"https:\/\/karolowydwor.pl\/wp-content\/uploads\/2025\/10\/dji_fly_20250103_094600_0063_1735894663714_photo-scaled.jpg\" \/>\n\t<meta property=\"og:image:width\" content=\"2560\" \/>\n\t<meta property=\"og:image:height\" content=\"1920\" \/>\n\t<meta property=\"og:image:type\" content=\"image\/jpeg\" \/>\n<meta name=\"twitter:card\" content=\"summary_large_image\" \/>\n<meta name=\"twitter:label1\" content=\"Predpokladan\u00fd \u010das \u010d\u00edtania\" \/>\n\t<meta name=\"twitter:data1\" content=\"4 min\u00faty\" \/>\n<script type=\"application\/ld+json\" class=\"yoast-schema-graph\">{\"@context\":\"https:\/\/schema.org\",\"@graph\":[{\"@type\":\"WebPage\",\"@id\":\"https:\/\/karolowydwor.pl\/polityka-prywatnosci\/\",\"url\":\"https:\/\/karolowydwor.pl\/polityka-prywatnosci\/\",\"name\":\"Polityka prywatno\u015bci - Karolowy Dw\u00f3r\",\"isPartOf\":{\"@id\":\"https:\/\/karolowydwor.pl\/#website\"},\"primaryImageOfPage\":{\"@id\":\"https:\/\/karolowydwor.pl\/polityka-prywatnosci\/#primaryimage\"},\"image\":{\"@id\":\"https:\/\/karolowydwor.pl\/polityka-prywatnosci\/#primaryimage\"},\"thumbnailUrl\":\"https:\/\/karolowydwor.pl\/wp-content\/uploads\/2025\/10\/dji_fly_20250103_094600_0063_1735894663714_photo-scaled.jpg\",\"datePublished\":\"2025-05-23T15:25:17+00:00\",\"dateModified\":\"2026-01-07T19:23:58+00:00\",\"breadcrumb\":{\"@id\":\"https:\/\/karolowydwor.pl\/polityka-prywatnosci\/#breadcrumb\"},\"inLanguage\":\"sk-SK\",\"potentialAction\":[{\"@type\":\"ReadAction\",\"target\":[\"https:\/\/karolowydwor.pl\/polityka-prywatnosci\/\"]}]},{\"@type\":\"ImageObject\",\"inLanguage\":\"sk-SK\",\"@id\":\"https:\/\/karolowydwor.pl\/polityka-prywatnosci\/#primaryimage\",\"url\":\"https:\/\/karolowydwor.pl\/wp-content\/uploads\/2025\/10\/dji_fly_20250103_094600_0063_1735894663714_photo-scaled.jpg\",\"contentUrl\":\"https:\/\/karolowydwor.pl\/wp-content\/uploads\/2025\/10\/dji_fly_20250103_094600_0063_1735894663714_photo-scaled.jpg\",\"width\":2560,\"height\":1920,\"caption\":\"default\"},{\"@type\":\"BreadcrumbList\",\"@id\":\"https:\/\/karolowydwor.pl\/polityka-prywatnosci\/#breadcrumb\",\"itemListElement\":[{\"@type\":\"ListItem\",\"position\":1,\"name\":\"Home\",\"item\":\"https:\/\/karolowydwor.pl\/\"},{\"@type\":\"ListItem\",\"position\":2,\"name\":\"Polityka prywatno\u015bci\"}]},{\"@type\":\"WebSite\",\"@id\":\"https:\/\/karolowydwor.pl\/#website\",\"url\":\"https:\/\/karolowydwor.pl\/\",\"name\":\"Karolowy Dw\u00f3r\",\"description\":\"\",\"publisher\":{\"@id\":\"https:\/\/karolowydwor.pl\/#organization\"},\"potentialAction\":[{\"@type\":\"SearchAction\",\"target\":{\"@type\":\"EntryPoint\",\"urlTemplate\":\"https:\/\/karolowydwor.pl\/?s={search_term_string}\"},\"query-input\":{\"@type\":\"PropertyValueSpecification\",\"valueRequired\":true,\"valueName\":\"search_term_string\"}}],\"inLanguage\":\"sk-SK\"},{\"@type\":\"Organization\",\"@id\":\"https:\/\/karolowydwor.pl\/#organization\",\"name\":\"Karolowy Dw\u00f3r\",\"url\":\"https:\/\/karolowydwor.pl\/\",\"logo\":{\"@type\":\"ImageObject\",\"inLanguage\":\"sk-SK\",\"@id\":\"https:\/\/karolowydwor.pl\/#\/schema\/logo\/image\/\",\"url\":\"https:\/\/karolowydwor.pl\/wp-content\/uploads\/2025\/06\/avatar.png\",\"contentUrl\":\"https:\/\/karolowydwor.pl\/wp-content\/uploads\/2025\/06\/avatar.png\",\"width\":1080,\"height\":1080,\"caption\":\"Karolowy Dw\u00f3r\"},\"image\":{\"@id\":\"https:\/\/karolowydwor.pl\/#\/schema\/logo\/image\/\"}}]}<\/script>\n<!-- \/ Yoast SEO plugin. -->","yoast_head_json":{"title":"Polityka prywatno\u015bci - Karolowy Dw\u00f3r","robots":{"index":"index","follow":"follow","max-snippet":"max-snippet:-1","max-image-preview":"max-image-preview:large","max-video-preview":"max-video-preview:-1"},"canonical":"https:\/\/karolowydwor.pl\/sk\/polityka-prywatnosci\/","og_locale":"sk_SK","og_type":"article","og_title":"Polityka prywatno\u015bci - Karolowy Dw\u00f3r","og_description":"Dbamy o Twoj\u0105 prywatno\u015b\u0107, tak jak o Tw\u00f3j komfort Twoje\u00a0zaufanie to dla nas podstawa. Poni\u017cej w prosty i przejrzysty spos\u00f3b wyja\u015bniamy, jak chronimy Twoje dane i dlaczego s\u0105 u nas bezpieczne. Home \/ Polityka Prywatno\u015bci I. Postanowienia og\u00f3lne Polityka prywatno\u015bci okre\u015bla, jak zbierane, przetwarzane i przechowywane s\u0105 dane osobowe U\u017cytkownik\u00f3w niezb\u0119dne do \u015bwiadczenia us\u0142ug drog\u0105 [&hellip;]","og_url":"https:\/\/karolowydwor.pl\/sk\/polityka-prywatnosci\/","og_site_name":"Karolowy Dw\u00f3r","article_modified_time":"2026-01-07T19:23:58+00:00","og_image":[{"width":2560,"height":1920,"url":"https:\/\/karolowydwor.pl\/wp-content\/uploads\/2025\/10\/dji_fly_20250103_094600_0063_1735894663714_photo-scaled.jpg","type":"image\/jpeg"}],"twitter_card":"summary_large_image","twitter_misc":{"Predpokladan\u00fd \u010das \u010d\u00edtania":"4 min\u00faty"},"schema":{"@context":"https:\/\/schema.org","@graph":[{"@type":"WebPage","@id":"https:\/\/karolowydwor.pl\/polityka-prywatnosci\/","url":"https:\/\/karolowydwor.pl\/polityka-prywatnosci\/","name":"Polityka prywatno\u015bci - Karolowy Dw\u00f3r","isPartOf":{"@id":"https:\/\/karolowydwor.pl\/#website"},"primaryImageOfPage":{"@id":"https:\/\/karolowydwor.pl\/polityka-prywatnosci\/#primaryimage"},"image":{"@id":"https:\/\/karolowydwor.pl\/polityka-prywatnosci\/#primaryimage"},"thumbnailUrl":"https:\/\/karolowydwor.pl\/wp-content\/uploads\/2025\/10\/dji_fly_20250103_094600_0063_1735894663714_photo-scaled.jpg","datePublished":"2025-05-23T15:25:17+00:00","dateModified":"2026-01-07T19:23:58+00:00","breadcrumb":{"@id":"https:\/\/karolowydwor.pl\/polityka-prywatnosci\/#breadcrumb"},"inLanguage":"sk-SK","potentialAction":[{"@type":"ReadAction","target":["https:\/\/karolowydwor.pl\/polityka-prywatnosci\/"]}]},{"@type":"ImageObject","inLanguage":"sk-SK","@id":"https:\/\/karolowydwor.pl\/polityka-prywatnosci\/#primaryimage","url":"https:\/\/karolowydwor.pl\/wp-content\/uploads\/2025\/10\/dji_fly_20250103_094600_0063_1735894663714_photo-scaled.jpg","contentUrl":"https:\/\/karolowydwor.pl\/wp-content\/uploads\/2025\/10\/dji_fly_20250103_094600_0063_1735894663714_photo-scaled.jpg","width":2560,"height":1920,"caption":"default"},{"@type":"BreadcrumbList","@id":"https:\/\/karolowydwor.pl\/polityka-prywatnosci\/#breadcrumb","itemListElement":[{"@type":"ListItem","position":1,"name":"Home","item":"https:\/\/karolowydwor.pl\/"},{"@type":"ListItem","position":2,"name":"Polityka prywatno\u015bci"}]},{"@type":"WebSite","@id":"https:\/\/karolowydwor.pl\/#website","url":"https:\/\/karolowydwor.pl\/","name":"Karolowy Dw\u00f3r","description":"","publisher":{"@id":"https:\/\/karolowydwor.pl\/#organization"},"potentialAction":[{"@type":"SearchAction","target":{"@type":"EntryPoint","urlTemplate":"https:\/\/karolowydwor.pl\/?s={search_term_string}"},"query-input":{"@type":"PropertyValueSpecification","valueRequired":true,"valueName":"search_term_string"}}],"inLanguage":"sk-SK"},{"@type":"Organization","@id":"https:\/\/karolowydwor.pl\/#organization","name":"Karolowy Dw\u00f3r","url":"https:\/\/karolowydwor.pl\/","logo":{"@type":"ImageObject","inLanguage":"sk-SK","@id":"https:\/\/karolowydwor.pl\/#\/schema\/logo\/image\/","url":"https:\/\/karolowydwor.pl\/wp-content\/uploads\/2025\/06\/avatar.png","contentUrl":"https:\/\/karolowydwor.pl\/wp-content\/uploads\/2025\/06\/avatar.png","width":1080,"height":1080,"caption":"Karolowy Dw\u00f3r"},"image":{"@id":"https:\/\/karolowydwor.pl\/#\/schema\/logo\/image\/"}}]}},"_links":{"self":[{"href":"https:\/\/karolowydwor.pl\/sk\/wp-json\/wp\/v2\/pages\/3","targetHints":{"allow":["GET"]}}],"collection":[{"href":"https:\/\/karolowydwor.pl\/sk\/wp-json\/wp\/v2\/pages"}],"about":[{"href":"https:\/\/karolowydwor.pl\/sk\/wp-json\/wp\/v2\/types\/page"}],"author":[{"embeddable":true,"href":"https:\/\/karolowydwor.pl\/sk\/wp-json\/wp\/v2\/users\/1"}],"replies":[{"embeddable":true,"href":"https:\/\/karolowydwor.pl\/sk\/wp-json\/wp\/v2\/comments?post=3"}],"version-history":[{"count":0,"href":"https:\/\/karolowydwor.pl\/sk\/wp-json\/wp\/v2\/pages\/3\/revisions"}],"wp:featuredmedia":[{"embeddable":true,"href":"https:\/\/karolowydwor.pl\/sk\/wp-json\/wp\/v2\/media\/1388"}],"wp:attachment":[{"href":"https:\/\/karolowydwor.pl\/sk\/wp-json\/wp\/v2\/media?parent=3"}],"curies":[{"name":"wp","href":"https:\/\/api.w.org\/{rel}","templated":true}]}}